{"id":19560,"date":"2019-05-06T09:44:18","date_gmt":"2019-05-06T09:44:18","guid":{"rendered":"https:\/\/www.visiolign.com\/company-profile\/"},"modified":"2019-05-09T12:12:24","modified_gmt":"2019-05-09T12:12:24","slug":"profilul-companiei","status":"publish","type":"page","link":"https:\/\/www.visiolign.com\/ro\/profilul-companiei\/","title":{"rendered":"Profilul companiei"},"content":{"rendered":"<h3 style=\"text-align: left;\"><span style=\"color: #ee7202;\">Profilul companiei &#8211; &#8222;Declara\u021bie de misiune&#8221; a grupului bredent<\/span><\/h3>\n<hr \/>\n<p style=\"text-align: left;\"><span style=\"color: #ee7202;\"><strong>bredent grup<\/strong><\/span><\/p>\n<p style=\"text-align: left;\"><span style=\"color: #ffffff;\">Noi, grupul bredent, suntem o afacere de familie care opereaz\u0103 pe plan interna\u021bional.<\/span><\/p>\n<p style=\"text-align: left;\"><span style=\"color: #ffffff;\">Dezvolt\u0103m \u0219i producem produse individuale potrivite, solu\u021bii de sistem, de exemplu \u00een domeniul protez\u0103rii pe implanturi \u0219i concepte terapeutice &#8222;Made in Germany&#8221;. Acestea permit medicilor stomatologi \u0219i tehnicienilor dentari s\u0103 realizeze \u0219i s\u0103 men\u021bin\u0103 restaur\u0103ri estetice de \u00eenalt\u0103 calitate, eficiente din punct de vedere al costurilor, care asigur\u0103 igiena parodontal\u0103.<\/span><\/p>\n<p style=\"text-align: left;\"><span style=\"color: #ffffff;\">Ne str\u0103duim s\u0103 fim printre cei mai buni. De aceea, angaja\u021bii no\u0219tri sunt preg\u0103ti\u021bi s\u0103 ofere excelen\u021b\u0103 clien\u021bilor \u0219i<\/span><br \/>\n<span style=\"color: #ffffff;\">pacien\u021bilor lor, cu flexibilitatea \u0219i deschiderea necesar\u0103.<\/span><\/p>\n<p style=\"text-align: left;\"><span style=\"color: #ffffff;\">Competen\u021ba noastr\u0103 \u0219i puterea inovatoare ne fac un exemplu de conducere pe pia\u021ba dentar\u0103.<\/span><\/p>\n<p style=\"text-align: left;\"><span style=\"color: #ffffff;\">Ne baz\u0103m cultura corporativ\u0103, colaborarea cu clien\u021bii \u0219i partenerii no\u0219tri de afaceri \u0219i activit\u0103\u021bile benefice pe valorile<\/span><br \/>\n<span style=\"color: #ffffff;\">pe care le-am stabilit \u00een 1995 ca funda\u021bia noastr\u0103 pentru rela\u021bii \u0219i obiective pe termen lung.<\/span><\/p>\n<p style=\"text-align: left;\"><span style=\"color: #ee7202;\"><strong>competen\u021b\u0103<\/strong><\/span><br \/>\n<span style=\"color: #ffffff;\">Suntem convin\u0219i de beneficiile muncii noastre \u0219i ne str\u0103duim s\u0103 devenim mai eficien\u021bi.<\/span><\/p>\n<p style=\"text-align: left;\"><span style=\"color: #ee7202;\"><strong>spirit de parteneriat<\/strong><\/span><br \/>\n<span style=\"color: #ffffff;\">Suntem deschisi \u0219i corec\u021bi \u00een colaborarea noastr\u0103. Acest lucru creeaz\u0103 \u00eencredere.<\/span><\/p>\n<p style=\"text-align: left;\"><span style=\"color: #ee7202;\"><strong>inovativitate<\/strong><\/span><br \/>\n<span style=\"color: #ffffff;\">Experien\u021ba noastr\u0103, flexibilitate \u0219i deschidere c\u0103tre pia\u021ba mondial\u0103 ne permit s\u0103 cre\u0103m solu\u021bii eficiente \u00eentr-un stadiu<\/span><br \/>\n<span style=\"color: #ffffff;\">incipient.<\/span><\/p>\n<p style=\"text-align: left;\"><span style=\"color: #ee7202;\"><strong>Pentru clien\u021bii no\u0219tri aceasta \u00eenseamn\u0103:<\/strong><\/span><\/p>\n<p style=\"text-align: left;\"><span style=\"color: #ffffff;\">Clien\u021bii no\u0219tri au un partener de afaceri care poate oferi beneficii datorit\u0103 performan\u021belor \u0219i solu\u021biilor noastre. Toate activit\u0103\u021bile noastre demonstreaz\u0103 angajamentul nostru. Suntem aten\u021bi la clien\u021bii no\u0219tri \u0219i la cerin\u021bele acestora, ceea ce la r\u00e2ndul nostru ne permite s\u0103 fim la curent despre orice dorin\u021be \u0219i probleme care afecteaz\u0103 pacien\u021bii. Aceste informa\u021bii constituie baza pentru dezvoltarea solu\u021biilor noi, inspiratoare \u0219i rentabile, care garanteaz\u0103 beneficiile muncii noastre pentru clien\u021bi \u0219i pacien\u021bi. Pentru noi este important s\u0103 se respecte normele aplicabile \u0219i reglement\u0103rile, standardele \u0219i legisla\u021bia.<\/span><\/p>\n<p style=\"text-align: left;\"><span style=\"color: #ee7202;\"><strong>Pentru organizarea \u0219i munca noastr\u0103, aceasta \u00eenseamn\u0103:<\/strong><\/span><\/p>\n<p style=\"text-align: left;\"><span style=\"color: #ffffff;\">Noi vedem modific\u0103rile \u0219i noile cerin\u021be ca oportunit\u0103\u021bi \u0219i ca provoc\u0103ri pentru un r\u0103spuns rapid \u0219i flexibil. Capacitatea de schimbare este, prin urmare, o condi\u021bie esen\u021bial\u0103 pentru succesul nostru. Prin urmare, ne asigur\u0103m c\u0103 organiza\u021bia noastr\u0103 este \u00eentotdeauna mai rapid\u0103 \u0219i mai competitiv\u0103 din punct de vedere economic, pentru a r\u0103spunde nevoilor cresc\u00e2nde ale pie\u021bei economice actuale, ale clien\u021bilor no\u0219tri \u0219i ale pacien\u021bilor acestora.<\/span><\/p>\n<p style=\"text-align: left;\"><span style=\"color: #ee7202;\"><strong>Pentru colaboratorii no\u0219tri aceasta \u00eenseamn\u0103:<\/strong><\/span><\/p>\n<p style=\"text-align: left;\"><span style=\"color: #ffffff;\">S\u0103 demonstreze angajamentul \u0219i sentimentul de responsabilitate \u00een fiecare domeniu, at\u00e2t ca un singur angajat c\u00e2t \u0219i \u00eentr-o echip\u0103. Fiecare \u00ee\u0219i asum\u0103 responsabilitate pentru implicarea sa. Toat\u0103 lumea se angajeaz\u0103 s\u0103 ating\u0103 obiectivele, respect\u00e2nd valorile companiei. \u00cen schimb, se ob\u021bin siguran\u021ba \u0219i oportunit\u0103\u021bile de cre\u0219tere personal\u0103 \u0219i profesional\u0103. Contribuim la bazele succesului viitor prin utilizarea \u0219i extinderea cuno\u0219tin\u021belor noastre comune.<\/span><\/p>\n<p style=\"text-align: left;\"><span style=\"color: #ee7202;\"><strong>Pentru interac\u021biunea noastr\u0103 cu societatea aceasta \u00eenseamn\u0103:<\/strong><\/span><\/p>\n<p style=\"text-align: left;\"><span style=\"color: #ffffff;\">Con\u0219tientizarea noastr\u0103 corporativ\u0103 este de a oferi societ\u0103\u021bii o contribu\u021bie social\u0103 \u0219i ecologic\u0103 pozitiv\u0103 \u0219i<\/span><br \/>\n<span style=\"color: #ffffff;\">durabil\u0103 \u00een timp.<\/span><\/p>\n<p style=\"text-align: left;\"><span style=\"color: #ffffff;\">Profiturile noastre sunt utilizate ca baz\u0103 pentru viitoarele investi\u021bii \u0219i, prin urmare, garanteaz\u0103 securitatea<\/span><br \/>\n<span style=\"color: #ffffff;\">locurilor de munc\u0103, realizarea obiectivelor \u0219i respectarea valorilor noastre \u00een beneficiul clien\u021bilor no\u0219tri.<\/span><\/p>\n<p style=\"text-align: left;\"><span style=\"color: #ee7202;\"><em>Managementul \u0219i partenerii companiei<\/em><\/span><\/p>\n\t\t<div data-elementor-type=\"section\" data-elementor-id=\"19784\" class=\"elementor elementor-19784 elementor-13760\" data-elementor-post-type=\"elementor_library\">\n\t\t\t\t\t<section class=\"elementor-section elementor-top-section elementor-element elementor-element-53527ebf elementor-section-stretched elementor-section-boxed elementor-section-height-default elementor-section-height-default\" data-id=\"53527ebf\" data-element_type=\"section\" data-settings=\"{&quot;background_background&quot;:&quot;classic&quot;,&quot;stretch_section&quot;:&quot;section-stretched&quot;}\">\n\t\t\t\t\t\t<div class=\"elementor-container elementor-column-gap-default\">\n\t\t\t\t\t<div class=\"elementor-column elementor-col-100 elementor-top-column elementor-element elementor-element-5e4c1cb6\" data-id=\"5e4c1cb6\" data-element_type=\"column\">\n\t\t\t<div class=\"elementor-widget-wrap elementor-element-populated\">\n\t\t\t\t\t\t<section class=\"elementor-section elementor-inner-section elementor-element elementor-element-77e086ea elementor-section-boxed elementor-section-height-default elementor-section-height-default\" data-id=\"77e086ea\" data-element_type=\"section\">\n\t\t\t\t\t\t<div class=\"elementor-container elementor-column-gap-default\">\n\t\t\t\t\t<div class=\"elementor-column elementor-col-25 elementor-inner-column elementor-element elementor-element-62e10b04\" data-id=\"62e10b04\" data-element_type=\"column\">\n\t\t\t<div class=\"elementor-widget-wrap elementor-element-populated\">\n\t\t\t\t\t\t<div class=\"elementor-element elementor-element-254b30ff elementor-widget elementor-widget-heading\" data-id=\"254b30ff\" data-element_type=\"widget\" data-widget_type=\"heading.default\">\n\t\t\t\t<div class=\"elementor-widget-container\">\n\t\t\t<h4 class=\"elementor-heading-title elementor-size-default\">Despre noi<\/h4>\t\t<\/div>\n\t\t\t\t<\/div>\n\t\t\t\t<div class=\"elementor-element elementor-element-5b32f0c5 elementor-align-left elementor-icon-list--layout-traditional elementor-list-item-link-full_width elementor-widget elementor-widget-icon-list\" data-id=\"5b32f0c5\" data-element_type=\"widget\" data-widget_type=\"icon-list.default\">\n\t\t\t\t<div class=\"elementor-widget-container\">\n\t\t\t\t\t<ul class=\"elementor-icon-list-items\">\n\t\t\t\t\t\t\t<li class=\"elementor-icon-list-item\">\n\t\t\t\t\t\t\t\t\t\t\t<a href=\"https:\/\/www.visiolign.com\/ro\/profilul-companiei\/\" rel=\"nofollow\">\n\n\t\t\t\t\t\t\t\t\t\t\t<span class=\"elementor-icon-list-text\">Profilul companiei<\/span>\n\t\t\t\t\t\t\t\t\t\t\t<\/a>\n\t\t\t\t\t\t\t\t\t<\/li>\n\t\t\t\t\t\t<\/ul>\n\t\t\t\t<\/div>\n\t\t\t\t<\/div>\n\t\t\t\t\t<\/div>\n\t\t<\/div>\n\t\t\t\t<div class=\"elementor-column elementor-col-25 elementor-inner-column elementor-element elementor-element-7d9c727\" data-id=\"7d9c727\" data-element_type=\"column\">\n\t\t\t<div class=\"elementor-widget-wrap elementor-element-populated\">\n\t\t\t\t\t\t<div class=\"elementor-element elementor-element-17decc43 elementor-widget elementor-widget-heading\" data-id=\"17decc43\" data-element_type=\"widget\" data-widget_type=\"heading.default\">\n\t\t\t\t<div class=\"elementor-widget-container\">\n\t\t\t<h4 class=\"elementor-heading-title elementor-size-default\">Contacteaz\u0103-ne<\/h4>\t\t<\/div>\n\t\t\t\t<\/div>\n\t\t\t\t<div class=\"elementor-element elementor-element-30e3c374 elementor-align-left elementor-icon-list--layout-traditional elementor-list-item-link-full_width elementor-widget elementor-widget-icon-list\" data-id=\"30e3c374\" data-element_type=\"widget\" data-widget_type=\"icon-list.default\">\n\t\t\t\t<div class=\"elementor-widget-container\">\n\t\t\t\t\t<ul class=\"elementor-icon-list-items\">\n\t\t\t\t\t\t\t<li class=\"elementor-icon-list-item\">\n\t\t\t\t\t\t\t\t\t\t\t<a href=\"https:\/\/www.visiolign.com\/ro\/unde-ne-puteti-gasi\/\">\n\n\t\t\t\t\t\t\t\t\t\t\t<span class=\"elementor-icon-list-text\">Unde ne pute\u021bi g\u0103si<\/span>\n\t\t\t\t\t\t\t\t\t\t\t<\/a>\n\t\t\t\t\t\t\t\t\t<\/li>\n\t\t\t\t\t\t\t\t<li class=\"elementor-icon-list-item\">\n\t\t\t\t\t\t\t\t\t\t\t<a href=\"https:\/\/www.visiolign.com\/ro\/formular-de-contact\/\">\n\n\t\t\t\t\t\t\t\t\t\t\t<span class=\"elementor-icon-list-text\">Formular de contact<\/span>\n\t\t\t\t\t\t\t\t\t\t\t<\/a>\n\t\t\t\t\t\t\t\t\t<\/li>\n\t\t\t\t\t\t<\/ul>\n\t\t\t\t<\/div>\n\t\t\t\t<\/div>\n\t\t\t\t\t<\/div>\n\t\t<\/div>\n\t\t\t\t<div class=\"elementor-column elementor-col-25 elementor-inner-column elementor-element elementor-element-2ecf13af\" data-id=\"2ecf13af\" data-element_type=\"column\">\n\t\t\t<div class=\"elementor-widget-wrap elementor-element-populated\">\n\t\t\t\t\t\t<div class=\"elementor-element elementor-element-7486c9d5 elementor-widget elementor-widget-heading\" data-id=\"7486c9d5\" data-element_type=\"widget\" data-widget_type=\"heading.default\">\n\t\t\t\t<div class=\"elementor-widget-container\">\n\t\t\t<h4 class=\"elementor-heading-title elementor-size-default\">Termeni \u0219i condi\u021bii<\/h4>\t\t<\/div>\n\t\t\t\t<\/div>\n\t\t\t\t<div class=\"elementor-element elementor-element-617c8f20 elementor-align-left elementor-icon-list--layout-traditional elementor-list-item-link-full_width elementor-widget elementor-widget-icon-list\" data-id=\"617c8f20\" data-element_type=\"widget\" data-widget_type=\"icon-list.default\">\n\t\t\t\t<div class=\"elementor-widget-container\">\n\t\t\t\t\t<ul class=\"elementor-icon-list-items\">\n\t\t\t\t\t\t\t<li class=\"elementor-icon-list-item\">\n\t\t\t\t\t\t\t\t\t\t\t<a href=\"https:\/\/www.visiolign.com\/ro\/termeni\/\">\n\n\t\t\t\t\t\t\t\t\t\t\t<span class=\"elementor-icon-list-text\">Impressum<\/span>\n\t\t\t\t\t\t\t\t\t\t\t<\/a>\n\t\t\t\t\t\t\t\t\t<\/li>\n\t\t\t\t\t\t\t\t<li class=\"elementor-icon-list-item\">\n\t\t\t\t\t\t\t\t\t\t\t<a href=\"https:\/\/www.visiolign.com\/ro\/conditii-generale-de-activitate\/\" rel=\"nofollow\">\n\n\t\t\t\t\t\t\t\t\t\t\t<span class=\"elementor-icon-list-text\">Termeni generali ai afacerii<\/span>\n\t\t\t\t\t\t\t\t\t\t\t<\/a>\n\t\t\t\t\t\t\t\t\t<\/li>\n\t\t\t\t\t\t\t\t<li class=\"elementor-icon-list-item\">\n\t\t\t\t\t\t\t\t\t\t\t<a href=\"https:\/\/www.visiolign.com\/ro\/politica-de-confidentialitate\/\" rel=\"nofollow\">\n\n\t\t\t\t\t\t\t\t\t\t\t<span class=\"elementor-icon-list-text\">Politica de confiden\u021bialitate<\/span>\n\t\t\t\t\t\t\t\t\t\t\t<\/a>\n\t\t\t\t\t\t\t\t\t<\/li>\n\t\t\t\t\t\t<\/ul>\n\t\t\t\t<\/div>\n\t\t\t\t<\/div>\n\t\t\t\t\t<\/div>\n\t\t<\/div>\n\t\t\t\t<div class=\"elementor-column elementor-col-25 elementor-inner-column elementor-element elementor-element-34b68417\" data-id=\"34b68417\" data-element_type=\"column\">\n\t\t\t<div class=\"elementor-widget-wrap elementor-element-populated\">\n\t\t\t\t\t\t<div class=\"elementor-element elementor-element-7eaada6d elementor-widget elementor-widget-heading\" data-id=\"7eaada6d\" data-element_type=\"widget\" data-widget_type=\"heading.default\">\n\t\t\t\t<div class=\"elementor-widget-container\">\n\t\t\t<h4 class=\"elementor-heading-title elementor-size-default\">Urm\u0103re\u0219te-ne<\/h4>\t\t<\/div>\n\t\t\t\t<\/div>\n\t\t\t\t<div class=\"elementor-element elementor-element-111aa2c1 elementor-align-left elementor-icon-list--layout-traditional elementor-list-item-link-full_width elementor-widget elementor-widget-icon-list\" data-id=\"111aa2c1\" data-element_type=\"widget\" data-widget_type=\"icon-list.default\">\n\t\t\t\t<div class=\"elementor-widget-container\">\n\t\t\t\t\t<ul class=\"elementor-icon-list-items\">\n\t\t\t\t\t\t\t<li class=\"elementor-icon-list-item\">\n\t\t\t\t\t\t\t\t\t\t\t<a href=\"https:\/\/www.facebook.com\/bredent-group-International-766435650174845\/\" target=\"_blank\" rel=\"nofollow\">\n\n\t\t\t\t\t\t\t\t\t\t\t\t<span class=\"elementor-icon-list-icon\">\n\t\t\t\t\t\t\t\t\t\t\t\t\t\t\t\t<i class=\"fa fa-facebook-official\" aria-hidden=\"true\"><\/i>\n\t\t\t\t\t\t\t\t\t\t\t\t\t<\/span>\n\t\t\t\t\t\t\t\t\t\t<span class=\"elementor-icon-list-text\">Facebook<\/span>\n\t\t\t\t\t\t\t\t\t\t\t<\/a>\n\t\t\t\t\t\t\t\t\t<\/li>\n\t\t\t\t\t\t\t\t<li class=\"elementor-icon-list-item\">\n\t\t\t\t\t\t\t\t\t\t\t<a href=\"https:\/\/www.youtube.com\/playlist?list=PLLTk1xXHVJE-wazMWJlA_JBho4BoUGHct\" target=\"_blank\" rel=\"nofollow\">\n\n\t\t\t\t\t\t\t\t\t\t\t\t<span class=\"elementor-icon-list-icon\">\n\t\t\t\t\t\t\t\t\t\t\t\t\t\t\t\t<i class=\"fa fa-youtube-play\" aria-hidden=\"true\"><\/i>\n\t\t\t\t\t\t\t\t\t\t\t\t\t<\/span>\n\t\t\t\t\t\t\t\t\t\t<span class=\"elementor-icon-list-text\">YouTube<\/span>\n\t\t\t\t\t\t\t\t\t\t\t<\/a>\n\t\t\t\t\t\t\t\t\t<\/li>\n\t\t\t\t\t\t<\/ul>\n\t\t\t\t<\/div>\n\t\t\t\t<\/div>\n\t\t\t\t\t<\/div>\n\t\t<\/div>\n\t\t\t\t\t<\/div>\n\t\t<\/section>\n\t\t\t\t<section class=\"elementor-section elementor-inner-section elementor-element elementor-element-51c0e298 elementor-section-content-top elementor-section-boxed elementor-section-height-default elementor-section-height-default\" data-id=\"51c0e298\" data-element_type=\"section\">\n\t\t\t\t\t\t<div class=\"elementor-container elementor-column-gap-default\">\n\t\t\t\t\t<div class=\"elementor-column elementor-col-100 elementor-inner-column elementor-element elementor-element-ff78e85\" data-id=\"ff78e85\" data-element_type=\"column\">\n\t\t\t<div class=\"elementor-widget-wrap elementor-element-populated\">\n\t\t\t\t\t\t<div class=\"elementor-element elementor-element-32b61707 elementor-widget elementor-widget-heading\" data-id=\"32b61707\" data-element_type=\"widget\" data-widget_type=\"heading.default\">\n\t\t\t\t<div class=\"elementor-widget-container\">\n\t\t\t<p class=\"elementor-heading-title elementor-size-default\">Copyright 2018 \u00a9 All rights Reserved by bredent GmbH & Co.KG<\/p>\t\t<\/div>\n\t\t\t\t<\/div>\n\t\t\t\t\t<\/div>\n\t\t<\/div>\n\t\t\t\t\t<\/div>\n\t\t<\/section>\n\t\t\t\t\t<\/div>\n\t\t<\/div>\n\t\t\t\t\t<\/div>\n\t\t<\/section>\n\t\t\t\t<\/div>\n\t\t\n","protected":false},"excerpt":{"rendered":"<p>Profilul companiei &#8211; &#8222;Declara\u021bie de misiune&#8221; a grupului bredent bredent grup Noi, grupul bredent, suntem o afacere de familie care opereaz\u0103 pe plan interna\u021bional. Dezvolt\u0103m \u0219i producem produse individuale potrivite, solu\u021bii de sistem, de exemplu \u00een domeniul protez\u0103rii pe implanturi \u0219i concepte terapeutice &#8222;Made in Germany&#8221;. Acestea permit medicilor stomatologi \u0219i tehnicienilor dentari s\u0103 realizeze [&hellip;]<\/p>\n","protected":false},"author":1,"featured_media":0,"parent":0,"menu_order":7,"comment_status":"closed","ping_status":"closed","template":"","meta":{"footnotes":""},"yoast_head":"<!-- This site is optimized with the Yoast SEO plugin v23.0 - https:\/\/yoast.com\/wordpress\/plugins\/seo\/ -->\n<title>Profilul companiei - visio.lign<\/title>\n<meta name=\"robots\" content=\"index, follow, max-snippet:-1, max-image-preview:large, max-video-preview:-1\" \/>\n<link rel=\"canonical\" href=\"https:\/\/www.visiolign.com\/ro\/profilul-companiei\/\" \/>\n<meta property=\"og:locale\" content=\"ro_RO\" \/>\n<meta property=\"og:type\" content=\"article\" \/>\n<meta property=\"og:title\" content=\"Profilul companiei - visio.lign\" \/>\n<meta property=\"og:description\" content=\"Profilul companiei &#8211; &#8222;Declara\u021bie de misiune&#8221; a grupului bredent bredent grup Noi, grupul bredent, suntem o afacere de familie care opereaz\u0103 pe plan interna\u021bional. Dezvolt\u0103m \u0219i producem produse individuale potrivite, solu\u021bii de sistem, de exemplu \u00een domeniul protez\u0103rii pe implanturi \u0219i concepte terapeutice &#8222;Made in Germany&#8221;. Acestea permit medicilor stomatologi \u0219i tehnicienilor dentari s\u0103 realizeze [&hellip;]\" \/>\n<meta property=\"og:url\" content=\"https:\/\/www.visiolign.com\/ro\/profilul-companiei\/\" \/>\n<meta property=\"og:site_name\" content=\"visio.lign\" \/>\n<meta property=\"article:publisher\" content=\"https:\/\/www.facebook.com\/bredent-group-Deutschland-1705651446400964\/\" \/>\n<meta property=\"article:modified_time\" content=\"2019-05-09T12:12:24+00:00\" \/>\n<meta name=\"twitter:card\" content=\"summary_large_image\" \/>\n<meta name=\"twitter:label1\" content=\"Timp estimat pentru citire\" \/>\n\t<meta name=\"twitter:data1\" content=\"3 minute\" \/>\n<script type=\"application\/ld+json\" class=\"yoast-schema-graph\">{\"@context\":\"https:\/\/schema.org\",\"@graph\":[{\"@type\":\"WebPage\",\"@id\":\"https:\/\/www.visiolign.com\/ro\/profilul-companiei\/\",\"url\":\"https:\/\/www.visiolign.com\/ro\/profilul-companiei\/\",\"name\":\"Profilul companiei - visio.lign\",\"isPartOf\":{\"@id\":\"https:\/\/www.visiolign.com\/#website\"},\"datePublished\":\"2019-05-06T09:44:18+00:00\",\"dateModified\":\"2019-05-09T12:12:24+00:00\",\"breadcrumb\":{\"@id\":\"https:\/\/www.visiolign.com\/ro\/profilul-companiei\/#breadcrumb\"},\"inLanguage\":\"ro-RO\",\"potentialAction\":[{\"@type\":\"ReadAction\",\"target\":[\"https:\/\/www.visiolign.com\/ro\/profilul-companiei\/\"]}]},{\"@type\":\"BreadcrumbList\",\"@id\":\"https:\/\/www.visiolign.com\/ro\/profilul-companiei\/#breadcrumb\",\"itemListElement\":[{\"@type\":\"ListItem\",\"position\":1,\"name\":\"Home\",\"item\":\"https:\/\/www.visiolign.com\/\"},{\"@type\":\"ListItem\",\"position\":2,\"name\":\"Profilul companiei\"}]},{\"@type\":\"WebSite\",\"@id\":\"https:\/\/www.visiolign.com\/#website\",\"url\":\"https:\/\/www.visiolign.com\/\",\"name\":\"visio.lign\",\"description\":\"The Aesthetic and Functional system\",\"publisher\":{\"@id\":\"https:\/\/www.visiolign.com\/#organization\"},\"potentialAction\":[{\"@type\":\"SearchAction\",\"target\":{\"@type\":\"EntryPoint\",\"urlTemplate\":\"https:\/\/www.visiolign.com\/?s={search_term_string}\"},\"query-input\":\"required name=search_term_string\"}],\"inLanguage\":\"ro-RO\"},{\"@type\":\"Organization\",\"@id\":\"https:\/\/www.visiolign.com\/#organization\",\"name\":\"bredent group\",\"url\":\"https:\/\/www.visiolign.com\/\",\"logo\":{\"@type\":\"ImageObject\",\"inLanguage\":\"ro-RO\",\"@id\":\"https:\/\/www.visiolign.com\/#\/schema\/logo\/image\/\",\"url\":\"https:\/\/www.visiolign.com\/wp-content\/uploads\/2019\/01\/bredent-group-Black-Logo-PNG-file.png\",\"contentUrl\":\"https:\/\/www.visiolign.com\/wp-content\/uploads\/2019\/01\/bredent-group-Black-Logo-PNG-file.png\",\"width\":1579,\"height\":330,\"caption\":\"bredent group\"},\"image\":{\"@id\":\"https:\/\/www.visiolign.com\/#\/schema\/logo\/image\/\"},\"sameAs\":[\"https:\/\/www.facebook.com\/bredent-group-Deutschland-1705651446400964\/\",\"https:\/\/www.youtube.com\/playlist?list=PLLTk1xXHVJE-wazMWJlA_JBho4BoUGHct\"]}]}<\/script>\n<!-- \/ Yoast SEO plugin. -->","yoast_head_json":{"title":"Profilul companiei - visio.lign","robots":{"index":"index","follow":"follow","max-snippet":"max-snippet:-1","max-image-preview":"max-image-preview:large","max-video-preview":"max-video-preview:-1"},"canonical":"https:\/\/www.visiolign.com\/ro\/profilul-companiei\/","og_locale":"ro_RO","og_type":"article","og_title":"Profilul companiei - visio.lign","og_description":"Profilul companiei &#8211; &#8222;Declara\u021bie de misiune&#8221; a grupului bredent bredent grup Noi, grupul bredent, suntem o afacere de familie care opereaz\u0103 pe plan interna\u021bional. Dezvolt\u0103m \u0219i producem produse individuale potrivite, solu\u021bii de sistem, de exemplu \u00een domeniul protez\u0103rii pe implanturi \u0219i concepte terapeutice &#8222;Made in Germany&#8221;. Acestea permit medicilor stomatologi \u0219i tehnicienilor dentari s\u0103 realizeze [&hellip;]","og_url":"https:\/\/www.visiolign.com\/ro\/profilul-companiei\/","og_site_name":"visio.lign","article_publisher":"https:\/\/www.facebook.com\/bredent-group-Deutschland-1705651446400964\/","article_modified_time":"2019-05-09T12:12:24+00:00","twitter_card":"summary_large_image","twitter_misc":{"Timp estimat pentru citire":"3 minute"},"schema":{"@context":"https:\/\/schema.org","@graph":[{"@type":"WebPage","@id":"https:\/\/www.visiolign.com\/ro\/profilul-companiei\/","url":"https:\/\/www.visiolign.com\/ro\/profilul-companiei\/","name":"Profilul companiei - visio.lign","isPartOf":{"@id":"https:\/\/www.visiolign.com\/#website"},"datePublished":"2019-05-06T09:44:18+00:00","dateModified":"2019-05-09T12:12:24+00:00","breadcrumb":{"@id":"https:\/\/www.visiolign.com\/ro\/profilul-companiei\/#breadcrumb"},"inLanguage":"ro-RO","potentialAction":[{"@type":"ReadAction","target":["https:\/\/www.visiolign.com\/ro\/profilul-companiei\/"]}]},{"@type":"BreadcrumbList","@id":"https:\/\/www.visiolign.com\/ro\/profilul-companiei\/#breadcrumb","itemListElement":[{"@type":"ListItem","position":1,"name":"Home","item":"https:\/\/www.visiolign.com\/"},{"@type":"ListItem","position":2,"name":"Profilul companiei"}]},{"@type":"WebSite","@id":"https:\/\/www.visiolign.com\/#website","url":"https:\/\/www.visiolign.com\/","name":"visio.lign","description":"The Aesthetic and Functional system","publisher":{"@id":"https:\/\/www.visiolign.com\/#organization"},"potentialAction":[{"@type":"SearchAction","target":{"@type":"EntryPoint","urlTemplate":"https:\/\/www.visiolign.com\/?s={search_term_string}"},"query-input":"required name=search_term_string"}],"inLanguage":"ro-RO"},{"@type":"Organization","@id":"https:\/\/www.visiolign.com\/#organization","name":"bredent group","url":"https:\/\/www.visiolign.com\/","logo":{"@type":"ImageObject","inLanguage":"ro-RO","@id":"https:\/\/www.visiolign.com\/#\/schema\/logo\/image\/","url":"https:\/\/www.visiolign.com\/wp-content\/uploads\/2019\/01\/bredent-group-Black-Logo-PNG-file.png","contentUrl":"https:\/\/www.visiolign.com\/wp-content\/uploads\/2019\/01\/bredent-group-Black-Logo-PNG-file.png","width":1579,"height":330,"caption":"bredent group"},"image":{"@id":"https:\/\/www.visiolign.com\/#\/schema\/logo\/image\/"},"sameAs":["https:\/\/www.facebook.com\/bredent-group-Deutschland-1705651446400964\/","https:\/\/www.youtube.com\/playlist?list=PLLTk1xXHVJE-wazMWJlA_JBho4BoUGHct"]}]}},"_links":{"self":[{"href":"https:\/\/www.visiolign.com\/ro\/wp-json\/wp\/v2\/pages\/19560"}],"collection":[{"href":"https:\/\/www.visiolign.com\/ro\/wp-json\/wp\/v2\/pages"}],"about":[{"href":"https:\/\/www.visiolign.com\/ro\/wp-json\/wp\/v2\/types\/page"}],"author":[{"embeddable":true,"href":"https:\/\/www.visiolign.com\/ro\/wp-json\/wp\/v2\/users\/1"}],"replies":[{"embeddable":true,"href":"https:\/\/www.visiolign.com\/ro\/wp-json\/wp\/v2\/comments?post=19560"}],"version-history":[{"count":0,"href":"https:\/\/www.visiolign.com\/ro\/wp-json\/wp\/v2\/pages\/19560\/revisions"}],"wp:attachment":[{"href":"https:\/\/www.visiolign.com\/ro\/wp-json\/wp\/v2\/media?parent=19560"}],"curies":[{"name":"wp","href":"https:\/\/api.w.org\/{rel}","templated":true}]}}