{"id":13701,"date":"2018-06-25T14:01:51","date_gmt":"2018-06-25T14:01:51","guid":{"rendered":"http:\/\/relaunch.visio-lign.com\/profilo-aziendale\/"},"modified":"2018-06-25T14:01:51","modified_gmt":"2018-06-25T14:01:51","slug":"profilo-aziendale","status":"publish","type":"page","link":"https:\/\/www.visiolign.com\/it\/profilo-aziendale\/","title":{"rendered":"Profilo aziendale"},"content":{"rendered":"<h3 style=\"text-align: left;\">Profilo aziendale &#8211; \u201cMission statement\u201d della bredent group<\/h3>\n<hr \/>\n<p style=\"text-align: left;\"><strong>L\u2019azienda bredent<\/strong><\/p>\n<p style=\"text-align: left;\"><span style=\"color: #ffffff;\">La bredent group \u00e8 un\u2019azienda a conduzione familiare che opera a livello internazionale.<\/span><\/p>\n<p style=\"text-align: left;\"><span style=\"color: #ffffff;\">Sviluppa e produce prodotti e sistemi sinergici tra loro per il segmento di mercato dell\u2019implanto-protesi con protocolli terapeutici \u201cMade in Germany\u201d. Ci\u00f2 permette ad odontoiatri ed odontotecnici di realizzare ed ottenere soluzioni protesiche di elevato valore qualitativo, estetiche, conformi ai criteri di igiene parodontale ed a costi contenuti.<\/span><\/p>\n<p style=\"text-align: left;\"><span style=\"color: #ffffff;\">Il nostro obiettivo \u00e8 quello di confermarci tra le migliori aziende nel settore dentale. Perci\u00f2 il ns. team di collaboratrici e collaboratori \u00e8 sempre pronto a fornire ai nostri clienti ed ai loro pazienti, servizi e prestazioni di elevata professionalit\u00e0, con la necessaria flessibilit\u00e0 ed apertura.<\/span><\/p>\n<p style=\"text-align: left;\"><span style=\"color: #ffffff;\">Noi gestiamo la nostra azienda, i rapporti di collaborazione con i nostri clienti e i nostri partner commerciali e programmiamo le nostre attivit\u00e0 formative e culturali, in base a quei valori che abbiamo definito fin dal 1995, quali linee guida del nostro \u201cmodus operandi\u201d per garantire la realizzazione di tutti i nostri obiettivi ed il consolidamento dei rapporti commerciali a lungo termine.<\/span><\/p>\n<p style=\"text-align: left;\"><strong>Efficienza<\/strong><br \/>\n<span style=\"color: #ffffff;\">Siamo convinti dell\u2019utilit\u00e0 del nostro lavoro e ci impegniamo per diventare sempre pi\u00f9 efficienti.<\/span><\/p>\n<p style=\"text-align: left;\"><strong>Collaborazione<\/strong><br \/>\n<span style=\"color: #ffffff;\">Nei rapporti di collaborazione siamo aperti e leali. Cos\u00ec conquistiamo la fiducia dei nostri interlocutori.<\/span><\/p>\n<p style=\"text-align: left;\"><strong>Orientamento<\/strong><br \/>\n<span style=\"color: #ffffff;\">La nostra competenza, flessibilit\u00e0 e apertura al mondo ci permette di realizzare soluzioni costruttive in tempi brevi.<\/span><\/p>\n<p style=\"text-align: left;\">\n<p style=\"text-align: left;\"><strong>Per i nostri clienti ci\u00f2 significa:<\/strong><\/p>\n<p style=\"text-align: left;\"><span style=\"color: #ffffff;\">che rappresentiamo un partner commerciale affidabile che offre molti vantaggi, grazie a prestazioni ottimali e soluzioni sicure ed innovative. In tutte le nostre attivit\u00e0 si evidenziano i nostri sforzi. Ci prendiamo cura dei nostri clienti e delle loro esigenze. Ci informiamo costantemente sui problemi e sui desideri dei pazienti. Queste informazioni sono alla base dello sviluppo di nuove soluzioni all\u2019avanguardia ed a costi contenuti \u2013 perci\u00f2 il nostro lavoro si basa sull\u2019ottimizzazione dei protocolli a vantaggio dei ns. clienti e dei loro pazienti. Tutto ci\u00f2 nel massimo rispetto da parte nostra delle disposizioni di legge e delle norme previste in materia di dispositivi medicali..<\/span><\/p>\n<p style=\"text-align: left;\"><strong>Per la nostra organizzazione commerciale e i nostri partner ci\u00f2 significa:<\/strong><\/p>\n<p style=\"text-align: left;\"><span style=\"color: #ffffff;\">cambiamenti e nuove esigenze vengono da noi interpretati come opportunit\u00e0 e sfide, per reagire immediatamente e con grande flessibilit\u00e0. Perci\u00f2 la capacit\u00e0 di cambiamento rappresenta per noi un\u2019importante premessa al nostro successo. Facciamo quindi in modo che la nostra organizzazione sia sempre pi\u00f9 rapida e concorrenziale dal punto di vista economico, al fine di soddisfare le crescenti esigenze dell\u2019attuale mercato economico e quelle dei nostri clienti e dei loro pazienti.<\/span><\/p>\n<p style=\"text-align: left;\"><strong>Per i nostri collaboratori ci\u00f2 significa:<\/strong><\/p>\n<p style=\"text-align: left;\"><span style=\"color: #ffffff;\">dimostrare impegno e senso di responsabilit\u00e0 in ogni ambito, sia come singolo collaboratore che in team. Ognuno assolve il proprio dovere. Ognuno si impegna a raggiungere gli obiettivi, rispettando i valori aziendali. In cambio si ottengono sicurezza e possibilit\u00e0 di crescita personale e professionale. Mettendo a frutto ed ampliando il sapere comune contribuiamo a porre le basi per il successo futuro.<\/span><\/p>\n<p style=\"text-align: left;\"><strong>Nel nostro rapporto con la societ\u00e0 ci\u00f2 significa:<\/strong><\/p>\n<p style=\"text-align: left;\"><span style=\"color: #ffffff;\">la nostra consapevolezza aziendale \u00e8 quella di fornire alla societ\u00e0 un contributo sociale ed ecologico positivo e duraturo nel tempo.<\/span><\/p>\n<p style=\"text-align: left;\"><span style=\"color: #ffffff;\">I nostri utili vengono impiegati come base per futuri investimenti e quindi garantiscono la sicurezza dei posti di lavoro, il raggiungimento degli obiettivi ed il rispetto dei nostri valori a vantaggio dei nostri clienti.<\/span><\/p>\n<p style=\"text-align: left;\"><em>L\u2019amministratore delegato e socio<\/em><\/p>\n","protected":false},"excerpt":{"rendered":"<p>Profilo aziendale &#8211; \u201cMission statement\u201d della bredent group L\u2019azienda bredent La bredent group \u00e8 un\u2019azienda a conduzione familiare che opera a livello internazionale. Sviluppa e produce prodotti e sistemi sinergici tra loro per il segmento di mercato dell\u2019implanto-protesi con protocolli terapeutici \u201cMade in Germany\u201d. Ci\u00f2 permette ad odontoiatri ed odontotecnici di realizzare ed ottenere soluzioni [&hellip;]<\/p>\n","protected":false},"author":1,"featured_media":0,"parent":0,"menu_order":7,"comment_status":"closed","ping_status":"closed","template":"","meta":{"footnotes":""},"yoast_head":"<!-- This site is optimized with the Yoast SEO plugin v23.0 - https:\/\/yoast.com\/wordpress\/plugins\/seo\/ -->\n<title>Profilo aziendale - visio.lign<\/title>\n<meta name=\"robots\" content=\"index, follow, max-snippet:-1, max-image-preview:large, max-video-preview:-1\" \/>\n<link rel=\"canonical\" href=\"https:\/\/www.visiolign.com\/it\/profilo-aziendale\/\" \/>\n<meta property=\"og:locale\" content=\"it_IT\" \/>\n<meta property=\"og:type\" content=\"article\" \/>\n<meta property=\"og:title\" content=\"Profilo aziendale - visio.lign\" \/>\n<meta property=\"og:description\" content=\"Profilo aziendale &#8211; \u201cMission statement\u201d della bredent group L\u2019azienda bredent La bredent group \u00e8 un\u2019azienda a conduzione familiare che opera a livello internazionale. Sviluppa e produce prodotti e sistemi sinergici tra loro per il segmento di mercato dell\u2019implanto-protesi con protocolli terapeutici \u201cMade in Germany\u201d. Ci\u00f2 permette ad odontoiatri ed odontotecnici di realizzare ed ottenere soluzioni [&hellip;]\" \/>\n<meta property=\"og:url\" content=\"https:\/\/www.visiolign.com\/it\/profilo-aziendale\/\" \/>\n<meta property=\"og:site_name\" content=\"visio.lign\" \/>\n<meta property=\"article:publisher\" content=\"https:\/\/www.facebook.com\/bredent-group-Deutschland-1705651446400964\/\" \/>\n<meta name=\"twitter:card\" content=\"summary_large_image\" \/>\n<meta name=\"twitter:label1\" content=\"Tempo di lettura stimato\" \/>\n\t<meta name=\"twitter:data1\" content=\"3 minuti\" \/>\n<script type=\"application\/ld+json\" class=\"yoast-schema-graph\">{\"@context\":\"https:\/\/schema.org\",\"@graph\":[{\"@type\":\"WebPage\",\"@id\":\"https:\/\/www.visiolign.com\/it\/profilo-aziendale\/\",\"url\":\"https:\/\/www.visiolign.com\/it\/profilo-aziendale\/\",\"name\":\"Profilo aziendale - visio.lign\",\"isPartOf\":{\"@id\":\"https:\/\/www.visiolign.com\/#website\"},\"datePublished\":\"2018-06-25T14:01:51+00:00\",\"dateModified\":\"2018-06-25T14:01:51+00:00\",\"breadcrumb\":{\"@id\":\"https:\/\/www.visiolign.com\/it\/profilo-aziendale\/#breadcrumb\"},\"inLanguage\":\"it-IT\",\"potentialAction\":[{\"@type\":\"ReadAction\",\"target\":[\"https:\/\/www.visiolign.com\/it\/profilo-aziendale\/\"]}]},{\"@type\":\"BreadcrumbList\",\"@id\":\"https:\/\/www.visiolign.com\/it\/profilo-aziendale\/#breadcrumb\",\"itemListElement\":[{\"@type\":\"ListItem\",\"position\":1,\"name\":\"Home\",\"item\":\"https:\/\/www.visiolign.com\/\"},{\"@type\":\"ListItem\",\"position\":2,\"name\":\"Profilo aziendale\"}]},{\"@type\":\"WebSite\",\"@id\":\"https:\/\/www.visiolign.com\/#website\",\"url\":\"https:\/\/www.visiolign.com\/\",\"name\":\"visio.lign\",\"description\":\"Il sistema per un rivestimento estetico\\r\\nnaturale e funzionale\",\"publisher\":{\"@id\":\"https:\/\/www.visiolign.com\/#organization\"},\"potentialAction\":[{\"@type\":\"SearchAction\",\"target\":{\"@type\":\"EntryPoint\",\"urlTemplate\":\"https:\/\/www.visiolign.com\/?s={search_term_string}\"},\"query-input\":\"required name=search_term_string\"}],\"inLanguage\":\"it-IT\"},{\"@type\":\"Organization\",\"@id\":\"https:\/\/www.visiolign.com\/#organization\",\"name\":\"bredent group\",\"url\":\"https:\/\/www.visiolign.com\/\",\"logo\":{\"@type\":\"ImageObject\",\"inLanguage\":\"it-IT\",\"@id\":\"https:\/\/www.visiolign.com\/#\/schema\/logo\/image\/\",\"url\":\"https:\/\/www.visiolign.com\/wp-content\/uploads\/2019\/01\/bredent-group-Black-Logo-PNG-file.png\",\"contentUrl\":\"https:\/\/www.visiolign.com\/wp-content\/uploads\/2019\/01\/bredent-group-Black-Logo-PNG-file.png\",\"width\":1579,\"height\":330,\"caption\":\"bredent group\"},\"image\":{\"@id\":\"https:\/\/www.visiolign.com\/#\/schema\/logo\/image\/\"},\"sameAs\":[\"https:\/\/www.facebook.com\/bredent-group-Deutschland-1705651446400964\/\",\"https:\/\/www.youtube.com\/playlist?list=PLLTk1xXHVJE-wazMWJlA_JBho4BoUGHct\"]}]}<\/script>\n<!-- \/ Yoast SEO plugin. -->","yoast_head_json":{"title":"Profilo aziendale - visio.lign","robots":{"index":"index","follow":"follow","max-snippet":"max-snippet:-1","max-image-preview":"max-image-preview:large","max-video-preview":"max-video-preview:-1"},"canonical":"https:\/\/www.visiolign.com\/it\/profilo-aziendale\/","og_locale":"it_IT","og_type":"article","og_title":"Profilo aziendale - visio.lign","og_description":"Profilo aziendale &#8211; \u201cMission statement\u201d della bredent group L\u2019azienda bredent La bredent group \u00e8 un\u2019azienda a conduzione familiare che opera a livello internazionale. Sviluppa e produce prodotti e sistemi sinergici tra loro per il segmento di mercato dell\u2019implanto-protesi con protocolli terapeutici \u201cMade in Germany\u201d. Ci\u00f2 permette ad odontoiatri ed odontotecnici di realizzare ed ottenere soluzioni [&hellip;]","og_url":"https:\/\/www.visiolign.com\/it\/profilo-aziendale\/","og_site_name":"visio.lign","article_publisher":"https:\/\/www.facebook.com\/bredent-group-Deutschland-1705651446400964\/","twitter_card":"summary_large_image","twitter_misc":{"Tempo di lettura stimato":"3 minuti"},"schema":{"@context":"https:\/\/schema.org","@graph":[{"@type":"WebPage","@id":"https:\/\/www.visiolign.com\/it\/profilo-aziendale\/","url":"https:\/\/www.visiolign.com\/it\/profilo-aziendale\/","name":"Profilo aziendale - visio.lign","isPartOf":{"@id":"https:\/\/www.visiolign.com\/#website"},"datePublished":"2018-06-25T14:01:51+00:00","dateModified":"2018-06-25T14:01:51+00:00","breadcrumb":{"@id":"https:\/\/www.visiolign.com\/it\/profilo-aziendale\/#breadcrumb"},"inLanguage":"it-IT","potentialAction":[{"@type":"ReadAction","target":["https:\/\/www.visiolign.com\/it\/profilo-aziendale\/"]}]},{"@type":"BreadcrumbList","@id":"https:\/\/www.visiolign.com\/it\/profilo-aziendale\/#breadcrumb","itemListElement":[{"@type":"ListItem","position":1,"name":"Home","item":"https:\/\/www.visiolign.com\/"},{"@type":"ListItem","position":2,"name":"Profilo aziendale"}]},{"@type":"WebSite","@id":"https:\/\/www.visiolign.com\/#website","url":"https:\/\/www.visiolign.com\/","name":"visio.lign","description":"Il sistema per un rivestimento estetico\r\nnaturale e funzionale","publisher":{"@id":"https:\/\/www.visiolign.com\/#organization"},"potentialAction":[{"@type":"SearchAction","target":{"@type":"EntryPoint","urlTemplate":"https:\/\/www.visiolign.com\/?s={search_term_string}"},"query-input":"required name=search_term_string"}],"inLanguage":"it-IT"},{"@type":"Organization","@id":"https:\/\/www.visiolign.com\/#organization","name":"bredent group","url":"https:\/\/www.visiolign.com\/","logo":{"@type":"ImageObject","inLanguage":"it-IT","@id":"https:\/\/www.visiolign.com\/#\/schema\/logo\/image\/","url":"https:\/\/www.visiolign.com\/wp-content\/uploads\/2019\/01\/bredent-group-Black-Logo-PNG-file.png","contentUrl":"https:\/\/www.visiolign.com\/wp-content\/uploads\/2019\/01\/bredent-group-Black-Logo-PNG-file.png","width":1579,"height":330,"caption":"bredent group"},"image":{"@id":"https:\/\/www.visiolign.com\/#\/schema\/logo\/image\/"},"sameAs":["https:\/\/www.facebook.com\/bredent-group-Deutschland-1705651446400964\/","https:\/\/www.youtube.com\/playlist?list=PLLTk1xXHVJE-wazMWJlA_JBho4BoUGHct"]}]}},"_links":{"self":[{"href":"https:\/\/www.visiolign.com\/it\/wp-json\/wp\/v2\/pages\/13701"}],"collection":[{"href":"https:\/\/www.visiolign.com\/it\/wp-json\/wp\/v2\/pages"}],"about":[{"href":"https:\/\/www.visiolign.com\/it\/wp-json\/wp\/v2\/types\/page"}],"author":[{"embeddable":true,"href":"https:\/\/www.visiolign.com\/it\/wp-json\/wp\/v2\/users\/1"}],"replies":[{"embeddable":true,"href":"https:\/\/www.visiolign.com\/it\/wp-json\/wp\/v2\/comments?post=13701"}],"version-history":[{"count":0,"href":"https:\/\/www.visiolign.com\/it\/wp-json\/wp\/v2\/pages\/13701\/revisions"}],"wp:attachment":[{"href":"https:\/\/www.visiolign.com\/it\/wp-json\/wp\/v2\/media?parent=13701"}],"curies":[{"name":"wp","href":"https:\/\/api.w.org\/{rel}","templated":true}]}}