{"id":14019,"date":"2018-02-16T10:46:20","date_gmt":"2018-02-16T10:46:20","guid":{"rendered":"http:\/\/relaunch.visio-lign.com\/imprint\/"},"modified":"2019-10-15T09:44:23","modified_gmt":"2019-10-15T09:44:23","slug":"impressum","status":"publish","type":"page","link":"https:\/\/www.visiolign.com\/fr\/impressum\/","title":{"rendered":"Impressum"},"content":{"rendered":"\t\t<div data-elementor-type=\"wp-post\" data-elementor-id=\"14019\" class=\"elementor elementor-14019 elementor-5566 elementor-bc-flex-widget\" data-elementor-post-type=\"page\">\n\t\t\t\t\t\t<section class=\"elementor-section elementor-top-section elementor-element elementor-element-18a130f1 elementor-section-boxed elementor-section-height-default elementor-section-height-default\" data-id=\"18a130f1\" data-element_type=\"section\">\n\t\t\t\t\t\t<div class=\"elementor-container elementor-column-gap-default\">\n\t\t\t\t\t<div class=\"elementor-column elementor-col-100 elementor-top-column elementor-element elementor-element-4f00cacd\" data-id=\"4f00cacd\" data-element_type=\"column\">\n\t\t\t<div class=\"elementor-widget-wrap elementor-element-populated\">\n\t\t\t\t\t\t<div class=\"elementor-element elementor-element-25e2a322 elementor-widget elementor-widget-text-editor\" data-id=\"25e2a322\" data-element_type=\"widget\" data-widget_type=\"text-editor.default\">\n\t\t\t\t<div class=\"elementor-widget-container\">\n\t\t\t\t\t\t\t<h2>Impressum<\/h2><div class=\"common imprint\"><h3>Renseignements dans le cadre du \u00a7 5 TMG<\/h3><p><span style=\"color: #ffffff;\">bredent GmbH &amp; Co. KG<\/span><br \/><span style=\"color: #ffffff;\">Wei\u00dfenhorner Stra\u00dfe 2<\/span><br \/><span style=\"color: #ffffff;\">89250 Senden (Allemagne)<\/span><br \/><span style=\"color: #ffffff;\">T\u00e9l\u00e9phone: +49 7309 \/ 872-442<\/span><br \/><span style=\"color: #ffffff;\">T\u00e9l\u00e9fax: +49 7309 \/ 872-444<\/span><br \/><span style=\"color: #ffffff;\">E-Mail:<\/span> <span style=\"color: #ee7202;\"><a style=\"color: #ee7202;\" href=\"mailto:info@bredent.com\">info@bredent.com<\/a><\/span><br \/><span style=\"color: #ffffff;\">Internet:<\/span> <span style=\"color: #ee7202;\"><a style=\"color: #ee7202;\" href=\"http:\/\/www.bredent.com\/fr\/bredent\/\">www.bredent.com<\/a><\/span><\/p><p><span style=\"color: #ffffff;\">bredent GmbH &amp; Co. KG<\/span><br \/><span style=\"color: #ffffff;\">G\u00e9rants autoris\u00e9s \u00e0 repr\u00e9senter: Peter Brehm, Brigitte Brehm<\/span><br \/><span style=\"color: #ffffff;\">Tribunal de Commerce: Amtsgericht Memmingen<\/span><br \/><span style=\"color: #ffffff;\">Num\u00e9ro d&rsquo;enregistrement: HRA 11358<\/span><br \/><span style=\"color: #ffffff;\">Si\u00e8ge de bredent GmbH &amp; Co. KG: 89250 Senden, Allemagne<\/span><\/p><p><span style=\"color: #ffffff;\">Associ\u00e9e tenue personnellement responsable (commandit\u00e9e): bredent Beteiligungs- und Verwaltungs-GmbH<\/span><br \/><span style=\"color: #ffffff;\">G\u00e9rants autoris\u00e9s \u00e0 repr\u00e9senter: Peter Brehm, Brigitte Brehm<\/span><br \/><span style=\"color: #ffffff;\">Cour de registre: Amtsgericht Memmingen<\/span><br \/><span style=\"color: #ffffff;\">Num\u00e9ro d&rsquo;enregistrement: HRB 12912<\/span><br \/><span style=\"color: #ffffff;\">Si\u00e8ge de la bredent Beteiligungs- und Verwaltungs-GmbH: 89250 Senden, Allemagne<\/span><\/p><p><span style=\"color: #ee7202;\"><strong>Num\u00e9ro intracommunautaire de TVA selon \u00a7 27 de la loi sur la TVA (UstV)<\/strong><\/span><\/p><p><span style=\"color: #ffffff;\">DE 251580726<\/span><br \/><span style=\"color: #ffffff;\">WEEE-Reg.Nr. DE 22730329<\/span><\/p><p><span style=\"color: #ee7202;\"><strong>Responsable du contenu selon \u00a7 55 Abs. 2 RStV<\/strong><\/span><br \/><span style=\"color: #ffffff;\">Milko Wrona (m\u00eame adresse que ci-dessus)<\/span><\/p><p><span style=\"color: #ee7202;\"><strong>Responsable confidentialit\u00e9<\/strong><\/span><br \/><span style=\"color: #ffffff;\">T: +49 (0) 7309 872-301<\/span><br \/><span style=\"color: #ee7202;\">@: <a style=\"color: #ee7202;\" href=\"mailto:Datenschutz@bredent.com?subject=Protection des donn\u00e9es\">Datenschutz(at)bredent.com<\/a><\/span><\/p><p><span style=\"color: #ee7202;\"><strong>R\u00e8glement de litiges online pour consommateurs, participation \u00e0 la proc\u00e9dure de r\u00e8glement des litiges<\/strong><\/span><br \/><span style=\"color: #ffffff;\">(1) La soci\u00e9t\u00e9 bredent GmbH &amp; Co. KG n\u2019est par principe pas dispos\u00e9e et dans l\u2019obligation de participer \u00e0 des proc\u00e9dures de r\u00e8glements de litiges d\u2019un bureau de conciliation pour consommateurs.<\/span><br \/><span style=\"color: #ffffff;\">(2) Plateforme de la Commission de l\u2019UE pour le r\u00e8glement de litiges:<\/span><br \/><span style=\"color: #ee7202;\"><a style=\"color: #ee7202;\" href=\"https:\/\/www.ec.europa.eu\/consumers\/odr\" target=\"_blank\" rel=\"noopener\">https:\/\/www.ec.europa.eu\/consumers\/odr<\/a><\/span><\/p><p><span style=\"color: #ee7202;\"><strong>Op\u00e9ration du serveur \/ host<\/strong><\/span><br \/><span style=\"color: #ffffff;\">Si\u00e8ge \u00e0 G\u00f6ppingen<br \/>imos Gesellschaft f\u00fcr<br \/>Internet-Marketing und<br \/>Online-Services mbH<\/span><br \/><span style=\"color: #ffffff;\">Alfons-Feifel-Str. 9<\/span><br \/><span style=\"color: #ffffff;\">73037 G\u00f6ppingen (Germany)<\/span><br \/><span style=\"color: #ffffff;\">T\u00e9l\u00e9phone: +49 7161 93339-0<\/span><br \/><span style=\"color: #ffffff;\">T\u00e9l\u00e9fax: +49 7161 93339-99<\/span><br \/><span style=\"color: #ffffff;\">E-mail:<\/span> <span style=\"color: #ee7202;\"><a style=\"color: #ee7202;\" href=\"mailto:info@imos.net\">info@imos.net<\/a><\/span><br \/><span style=\"color: #ffffff;\">Internet:<\/span> <span style=\"color: #ee7202;\"><a style=\"color: #ee7202;\" href=\"http:\/\/www.imos.net\/\" target=\"_blank\" rel=\"noopener\">www.imos.net<\/a><\/span><\/p><p><span style=\"color: #ee7202;\"><strong>Remarque<br \/>Tous les produits ne sont pas autoris\u00e9s et disponibles sur tous les march\u00e9s. Si vous avez des questions, veuillez vous adresser \u00e0 la soci\u00e9t\u00e9 bredent GmbH &amp; Co. KG ou \u00e0 ses partenaires du marketing.<\/strong><\/span><\/p><h3><strong>CLAUSE DE NON-RESPONSABILIT\u00c9<\/strong><\/h3><\/div><div class=\"common imprint\"><ol><li><em><strong>Limitation de la responsabilit\u00e9<\/strong><\/em><br \/><span style=\"color: #ffffff;\">Le contenu de ce site web a \u00e9t\u00e9 r\u00e9dig\u00e9 avec le plus grand soin. Le fournisseur ne porte toutefois pas la responsabilit\u00e9 pour l&rsquo;exactitude, l&rsquo;exhaustivit\u00e9 et l&rsquo;actualit\u00e9 des textes mis \u00e0 disposition. L&rsquo;utilisation du contenu du site web se fait aux propres risques de son utilisateur. Les textes publi\u00e9s par une personne bien d\u00e9finie refl\u00e8tent l&rsquo;opinion de l&rsquo;auteur mais pas toujours celle du fournisseur. S&rsquo;il y a uniquement utilisation du site web par le fournisseur, aucun rapport contractuel ne peut \u00eatre \u00e9tabli entre l&rsquo;utilisateur et le fournisseur.<\/span><\/li><\/ol><p style=\"padding-left: 30px;\"><em><strong>2. Liens externes<\/strong><\/em><br \/><span style=\"color: #ffffff;\">Ce site web contient des liens avec des sites web de tiers (\u00ab\u00a0Liens externes\u00a0\u00bb). Ces sites web sont sous la responsabilit\u00e9 des op\u00e9rateurs respectifs. En \u00e9tablissant la premi\u00e8re fois la relation avec les liens externes, le fournisseur a v\u00e9rifi\u00e9 s&rsquo;il y avait d&rsquo;\u00e9ventuelles violations du droit. A ce moment-l\u00e0 des violations du droit n&rsquo;\u00e9taient pas perceptibles. Le fournisseur n&rsquo;a aucune influence sur la conception actuelle et future et sur le contenu des sites web connect\u00e9s par les liens. La mise en place de liens externes ne signifie pas que le fournisseur s&rsquo;attribue le contenu de prises de r\u00e9f\u00e9rences ou du lien. Un contr\u00f4le continu des liens externes ne peut raisonnablement pas \u00eatre exig\u00e9 du fournisseur sans qu&rsquo;on lui signale des violations de droit. D\u00e8s que des violations de droit seront connues, de tels liens externes seront imm\u00e9diatement supprim\u00e9s.<\/span><\/p><p style=\"padding-left: 30px;\"><em><strong>3. Droits de propri\u00e9t\u00e9 intellectuelle et droits de protection de prestations<\/strong><\/em><br \/><span style=\"color: #ffffff;\">Le contenu publi\u00e9 sur ce site web ressort du droit de propri\u00e9t\u00e9 intellectuelle et du droit de protection de prestations allemands. Toute exploitation\/utilisation non autoris\u00e9e par le droit de propri\u00e9t\u00e9 intellectuelle et droit de protection allemands requiert une autorisation<\/span><br \/><span style=\"color: #ffffff;\">pr\u00e9alable par \u00e9crit de la part du fournisseur ou d\u00e9tenteur des droits respectifs. Ceci est en particulier valable en cas de reproduction, copies, traitements de texte, traductions, enregistrement, traitement ou reproduction d&rsquo;un texte dans des banques de donn\u00e9es ou <\/span><span style=\"color: #ffffff;\">autres m\u00e9dias ou syst\u00e8mes \u00e9lectroniques. Les textes ou droits de tiers sont identifi\u00e9s comme tels. La reproduction ou transmission non autoris\u00e9e de textes ou pages compl\u00e8tes est interdite et passible d&rsquo;une peine. Il est uniquement permis d&rsquo;effectuer des copies et t\u00e9l\u00e9chargements pour une utilisation personnelle, priv\u00e9e et non commerciale. La repr\u00e9sentation de ce site web dans des trames d&rsquo;information qui ne sont pas notre propri\u00e9t\u00e9 n&rsquo;est permise qu&rsquo;apr\u00e8s autorisation \u00e9crite.<\/span><\/p><p style=\"padding-left: 30px;\"><strong><em>4. Protection des donn\u00e9es<\/em><\/strong><\/p><p style=\"padding-left: 30px;\"><span style=\"color: #ee7202;\"><em><a style=\"color: #ee7202;\" href=\"\/?page_id=17310\">Politique de confidentiali de protectior\u00e9<\/a><\/em><\/span><\/p><p style=\"padding-left: 30px;\"><span style=\"color: #ffffff;\">L&rsquo;utilisation de donn\u00e9es de contact de ces informations l\u00e9gales pour des fins publicitaires est express\u00e9ment non d\u00e9sir\u00e9e, \u00e0 moins que le fournisseur ait pr\u00e9alablement donn\u00e9 son accord par \u00e9crit ou lorsqu&rsquo;une relation commerciale existe d\u00e9j\u00e0. Le fournisseur et toutes les personnes cit\u00e9es sur ce site web s&rsquo;interdisent par la pr\u00e9sente toute utilisation ou transmission commerciale de leurs donn\u00e9es.<\/span><\/p><p style=\"padding-left: 30px;\"><strong><em>5. Conditions d&rsquo;utilisation particuli\u00e8res<\/em><\/strong><br \/><span style=\"color: #ffffff;\">Au cas o\u00f9 des conditions d&rsquo;utilisation pour des utilisations particuli\u00e8res de ce site web formeraient une d\u00e9rogation aux num\u00e9ros de paragraphes 1 \u00e0 4 ci-dessus, ceci est signal\u00e9 express\u00e9ment \u00e0 l&rsquo;endroit correspondant. Dans ce cas, ce seront les conditions d&rsquo;utilisation particuli\u00e8res qui seront valables au cas par cas.<\/span><\/p><\/div>\t\t\t\t\t\t<\/div>\n\t\t\t\t<\/div>\n\t\t\t\t\t<\/div>\n\t\t<\/div>\n\t\t\t\t\t<\/div>\n\t\t<\/section>\n\t\t\t\t<\/div>\n\t\t","protected":false},"excerpt":{"rendered":"<p>Impressum Renseignements dans le cadre du \u00a7 5 TMG bredent GmbH &amp; Co. KGWei\u00dfenhorner Stra\u00dfe 289250 Senden (Allemagne)T\u00e9l\u00e9phone: +49 7309 \/ 872-442T\u00e9l\u00e9fax: +49 7309 \/ 872-444E-Mail: info@bredent.comInternet: www.bredent.com bredent GmbH &amp; Co. KGG\u00e9rants autoris\u00e9s \u00e0 repr\u00e9senter: Peter Brehm, Brigitte BrehmTribunal de Commerce: Amtsgericht MemmingenNum\u00e9ro d&rsquo;enregistrement: HRA 11358Si\u00e8ge de bredent GmbH &amp; Co. KG: 89250 Senden, [&hellip;]<\/p>\n","protected":false},"author":1,"featured_media":0,"parent":0,"menu_order":10,"comment_status":"closed","ping_status":"closed","template":"","meta":{"footnotes":""},"yoast_head":"<!-- This site is optimized with the Yoast SEO plugin v23.0 - https:\/\/yoast.com\/wordpress\/plugins\/seo\/ -->\n<title>Impressum - visio.lign<\/title>\n<meta name=\"robots\" content=\"index, follow, max-snippet:-1, max-image-preview:large, max-video-preview:-1\" \/>\n<link rel=\"canonical\" href=\"https:\/\/www.visiolign.com\/fr\/impressum\/\" \/>\n<meta property=\"og:locale\" content=\"fr_FR\" \/>\n<meta property=\"og:type\" content=\"article\" \/>\n<meta property=\"og:title\" content=\"Impressum - visio.lign\" \/>\n<meta property=\"og:description\" content=\"Impressum Renseignements dans le cadre du \u00a7 5 TMG bredent GmbH &amp; Co. KGWei\u00dfenhorner Stra\u00dfe 289250 Senden (Allemagne)T\u00e9l\u00e9phone: +49 7309 \/ 872-442T\u00e9l\u00e9fax: +49 7309 \/ 872-444E-Mail: info@bredent.comInternet: www.bredent.com bredent GmbH &amp; Co. KGG\u00e9rants autoris\u00e9s \u00e0 repr\u00e9senter: Peter Brehm, Brigitte BrehmTribunal de Commerce: Amtsgericht MemmingenNum\u00e9ro d&rsquo;enregistrement: HRA 11358Si\u00e8ge de bredent GmbH &amp; Co. KG: 89250 Senden, [&hellip;]\" \/>\n<meta property=\"og:url\" content=\"https:\/\/www.visiolign.com\/fr\/impressum\/\" \/>\n<meta property=\"og:site_name\" content=\"visio.lign\" \/>\n<meta property=\"article:publisher\" content=\"https:\/\/www.facebook.com\/bredent-group-Deutschland-1705651446400964\/\" \/>\n<meta property=\"article:modified_time\" content=\"2019-10-15T09:44:23+00:00\" \/>\n<meta name=\"twitter:card\" content=\"summary_large_image\" \/>\n<meta name=\"twitter:label1\" content=\"Dur\u00e9e de lecture estim\u00e9e\" \/>\n\t<meta name=\"twitter:data1\" content=\"4 minutes\" \/>\n<script type=\"application\/ld+json\" class=\"yoast-schema-graph\">{\"@context\":\"https:\/\/schema.org\",\"@graph\":[{\"@type\":\"WebPage\",\"@id\":\"https:\/\/www.visiolign.com\/fr\/impressum\/\",\"url\":\"https:\/\/www.visiolign.com\/fr\/impressum\/\",\"name\":\"Impressum - visio.lign\",\"isPartOf\":{\"@id\":\"https:\/\/www.visiolign.com\/#website\"},\"datePublished\":\"2018-02-16T10:46:20+00:00\",\"dateModified\":\"2019-10-15T09:44:23+00:00\",\"breadcrumb\":{\"@id\":\"https:\/\/www.visiolign.com\/fr\/impressum\/#breadcrumb\"},\"inLanguage\":\"fr-FR\",\"potentialAction\":[{\"@type\":\"ReadAction\",\"target\":[\"https:\/\/www.visiolign.com\/fr\/impressum\/\"]}]},{\"@type\":\"BreadcrumbList\",\"@id\":\"https:\/\/www.visiolign.com\/fr\/impressum\/#breadcrumb\",\"itemListElement\":[{\"@type\":\"ListItem\",\"position\":1,\"name\":\"Home\",\"item\":\"https:\/\/www.visiolign.com\/\"},{\"@type\":\"ListItem\",\"position\":2,\"name\":\"Impressum\"}]},{\"@type\":\"WebSite\",\"@id\":\"https:\/\/www.visiolign.com\/#website\",\"url\":\"https:\/\/www.visiolign.com\/\",\"name\":\"visio.lign\",\"description\":\"L\u2018esth\u00e9tique et la m\u00e9thodologie\",\"publisher\":{\"@id\":\"https:\/\/www.visiolign.com\/#organization\"},\"potentialAction\":[{\"@type\":\"SearchAction\",\"target\":{\"@type\":\"EntryPoint\",\"urlTemplate\":\"https:\/\/www.visiolign.com\/?s={search_term_string}\"},\"query-input\":\"required name=search_term_string\"}],\"inLanguage\":\"fr-FR\"},{\"@type\":\"Organization\",\"@id\":\"https:\/\/www.visiolign.com\/#organization\",\"name\":\"bredent group\",\"url\":\"https:\/\/www.visiolign.com\/\",\"logo\":{\"@type\":\"ImageObject\",\"inLanguage\":\"fr-FR\",\"@id\":\"https:\/\/www.visiolign.com\/#\/schema\/logo\/image\/\",\"url\":\"https:\/\/www.visiolign.com\/wp-content\/uploads\/2019\/01\/bredent-group-Black-Logo-PNG-file.png\",\"contentUrl\":\"https:\/\/www.visiolign.com\/wp-content\/uploads\/2019\/01\/bredent-group-Black-Logo-PNG-file.png\",\"width\":1579,\"height\":330,\"caption\":\"bredent group\"},\"image\":{\"@id\":\"https:\/\/www.visiolign.com\/#\/schema\/logo\/image\/\"},\"sameAs\":[\"https:\/\/www.facebook.com\/bredent-group-Deutschland-1705651446400964\/\",\"https:\/\/www.youtube.com\/playlist?list=PLLTk1xXHVJE-wazMWJlA_JBho4BoUGHct\"]}]}<\/script>\n<!-- \/ Yoast SEO plugin. -->","yoast_head_json":{"title":"Impressum - visio.lign","robots":{"index":"index","follow":"follow","max-snippet":"max-snippet:-1","max-image-preview":"max-image-preview:large","max-video-preview":"max-video-preview:-1"},"canonical":"https:\/\/www.visiolign.com\/fr\/impressum\/","og_locale":"fr_FR","og_type":"article","og_title":"Impressum - visio.lign","og_description":"Impressum Renseignements dans le cadre du \u00a7 5 TMG bredent GmbH &amp; Co. KGWei\u00dfenhorner Stra\u00dfe 289250 Senden (Allemagne)T\u00e9l\u00e9phone: +49 7309 \/ 872-442T\u00e9l\u00e9fax: +49 7309 \/ 872-444E-Mail: info@bredent.comInternet: www.bredent.com bredent GmbH &amp; Co. KGG\u00e9rants autoris\u00e9s \u00e0 repr\u00e9senter: Peter Brehm, Brigitte BrehmTribunal de Commerce: Amtsgericht MemmingenNum\u00e9ro d&rsquo;enregistrement: HRA 11358Si\u00e8ge de bredent GmbH &amp; Co. KG: 89250 Senden, [&hellip;]","og_url":"https:\/\/www.visiolign.com\/fr\/impressum\/","og_site_name":"visio.lign","article_publisher":"https:\/\/www.facebook.com\/bredent-group-Deutschland-1705651446400964\/","article_modified_time":"2019-10-15T09:44:23+00:00","twitter_card":"summary_large_image","twitter_misc":{"Dur\u00e9e de lecture estim\u00e9e":"4 minutes"},"schema":{"@context":"https:\/\/schema.org","@graph":[{"@type":"WebPage","@id":"https:\/\/www.visiolign.com\/fr\/impressum\/","url":"https:\/\/www.visiolign.com\/fr\/impressum\/","name":"Impressum - visio.lign","isPartOf":{"@id":"https:\/\/www.visiolign.com\/#website"},"datePublished":"2018-02-16T10:46:20+00:00","dateModified":"2019-10-15T09:44:23+00:00","breadcrumb":{"@id":"https:\/\/www.visiolign.com\/fr\/impressum\/#breadcrumb"},"inLanguage":"fr-FR","potentialAction":[{"@type":"ReadAction","target":["https:\/\/www.visiolign.com\/fr\/impressum\/"]}]},{"@type":"BreadcrumbList","@id":"https:\/\/www.visiolign.com\/fr\/impressum\/#breadcrumb","itemListElement":[{"@type":"ListItem","position":1,"name":"Home","item":"https:\/\/www.visiolign.com\/"},{"@type":"ListItem","position":2,"name":"Impressum"}]},{"@type":"WebSite","@id":"https:\/\/www.visiolign.com\/#website","url":"https:\/\/www.visiolign.com\/","name":"visio.lign","description":"L\u2018esth\u00e9tique et la m\u00e9thodologie","publisher":{"@id":"https:\/\/www.visiolign.com\/#organization"},"potentialAction":[{"@type":"SearchAction","target":{"@type":"EntryPoint","urlTemplate":"https:\/\/www.visiolign.com\/?s={search_term_string}"},"query-input":"required name=search_term_string"}],"inLanguage":"fr-FR"},{"@type":"Organization","@id":"https:\/\/www.visiolign.com\/#organization","name":"bredent group","url":"https:\/\/www.visiolign.com\/","logo":{"@type":"ImageObject","inLanguage":"fr-FR","@id":"https:\/\/www.visiolign.com\/#\/schema\/logo\/image\/","url":"https:\/\/www.visiolign.com\/wp-content\/uploads\/2019\/01\/bredent-group-Black-Logo-PNG-file.png","contentUrl":"https:\/\/www.visiolign.com\/wp-content\/uploads\/2019\/01\/bredent-group-Black-Logo-PNG-file.png","width":1579,"height":330,"caption":"bredent group"},"image":{"@id":"https:\/\/www.visiolign.com\/#\/schema\/logo\/image\/"},"sameAs":["https:\/\/www.facebook.com\/bredent-group-Deutschland-1705651446400964\/","https:\/\/www.youtube.com\/playlist?list=PLLTk1xXHVJE-wazMWJlA_JBho4BoUGHct"]}]}},"_links":{"self":[{"href":"https:\/\/www.visiolign.com\/fr\/wp-json\/wp\/v2\/pages\/14019"}],"collection":[{"href":"https:\/\/www.visiolign.com\/fr\/wp-json\/wp\/v2\/pages"}],"about":[{"href":"https:\/\/www.visiolign.com\/fr\/wp-json\/wp\/v2\/types\/page"}],"author":[{"embeddable":true,"href":"https:\/\/www.visiolign.com\/fr\/wp-json\/wp\/v2\/users\/1"}],"replies":[{"embeddable":true,"href":"https:\/\/www.visiolign.com\/fr\/wp-json\/wp\/v2\/comments?post=14019"}],"version-history":[{"count":0,"href":"https:\/\/www.visiolign.com\/fr\/wp-json\/wp\/v2\/pages\/14019\/revisions"}],"wp:attachment":[{"href":"https:\/\/www.visiolign.com\/fr\/wp-json\/wp\/v2\/media?parent=14019"}],"curies":[{"name":"wp","href":"https:\/\/api.w.org\/{rel}","templated":true}]}}