{"id":13700,"date":"2018-06-25T13:58:19","date_gmt":"2018-06-25T13:58:19","guid":{"rendered":"http:\/\/relaunch.visio-lign.com\/profil-de-la-societe\/"},"modified":"2018-06-25T13:58:19","modified_gmt":"2018-06-25T13:58:19","slug":"profil-de-la-societe","status":"publish","type":"page","link":"https:\/\/www.visiolign.com\/fr\/profil-de-la-societe\/","title":{"rendered":"Profil de la soci\u00e9t\u00e9"},"content":{"rendered":"<h3 style=\"text-align: left;\">Profil de la soci\u00e9t\u00e9 &#8211; D\u00e9claration du bredent group<\/h3>\n<hr \/>\n<p style=\"text-align: left;\"><strong>Le bredent group<\/strong><\/p>\n<p style=\"text-align: left;\"><span style=\"color: #ffffff;\">Nous, bredent group, sommes une entreprise familiale \u00e0 activit\u00e9s internationales. Nous d\u00e9veloppons de nombreux produits harmonis\u00e9s entre eux de fa\u00e7on optimale; nous offrons des syst\u00e8mes, c\u2019est le cas dans le domaine de la proth\u00e8se implantaire et des concepts th\u00e9rapeutiques \u201emade in Germany\u201c que nous produisons nous-m\u00eames. Nous permettons aux chirurgiens-dentistes et aux proth\u00e9sistes de r\u00e9aliser et d\u2019obtenir des restaurations dentaires haut de gamme, \u00e9conomiques, esth\u00e9tiques et respectant les organes parodontaux. Notre objectif est de faire partie des meilleurs. C\u2019est pourquoi nos collaboratrices et collaborateurs sont pr\u00eats \u00e0 fournir des prestations de pointe avec la flexibilit\u00e9 et l\u2019ouverture d\u2019esprit n\u00e9cessaires pour nos clients et leurs patients. Avec notre comp\u00e9tence et notre force innovatrice, nous servons de r\u00e9f\u00e9rence au march\u00e9 dentaire.<\/span><\/p>\n<p style=\"text-align: left;\"><span style=\"color: #ffffff;\">Nous organisons notre culture de l\u2019entreprise, la collaboration avec nos clients et de tous nos partenaires commerciaux ainsi que les activit\u00e9s dont nous tirons profit selon les valeurs que nous avons d\u00e9finies en 1995 en tant que principes de base pour nos objectifs et relations \u00e0 long terme.<\/span><\/p>\n<p style=\"text-align: left;\"><strong>Performance<\/strong><br \/>\n<span style=\"color: #ffffff;\">Nous sommes convaincus de l\u2019utilit\u00e9 de notre travail et c\u2019est avec plaisir que nous nous engageons \u00e0 devenir de plus en plus performants.<\/span><\/p>\n<p style=\"text-align: left;\"><strong>Partenariat<\/strong><br \/>\n<span style=\"color: #ffffff;\">Dans la collaboration, nous sommes ouverts et efficaces. Ainsi nous cr\u00e9ons de la confiance.<\/span><\/p>\n<p style=\"text-align: left;\"><strong>R\u00f4le pilote<\/strong><br \/>\n<span style=\"color: #ffffff;\">Notre comp\u00e9tence, flexibilit\u00e9 et ouverture sur le monde nous permettent d\u2019apporter \u00e0 temps des solutions utiles.<\/span><\/p>\n<p style=\"text-align: left;\">\n<p style=\"text-align: left;\"><strong>Pour nos clients cela signifie:<\/strong><\/p>\n<p style=\"text-align: left;\"><span style=\"color: #ffffff;\">Pour nos clients nous sommes un partenaire commercial qui apporte des avantages par ses performances et solutions. Toutes nos activit\u00e9s refl\u00e8tent cette aspiration. Nous nous pr\u00e9occupons de nos clients et de leurs besoins. Nous nous informons en permanence des d\u00e9sirs et objectifs de nos clients. Ces informations forment la base du d\u00e9veloppement de nouvelles solutions \u00e9conomiques donnant des impulsions \u2013 en cela notre travail est d\u00e9termin\u00e9 par les avantages que les clients et patients peuvent en tirer. Il va de soi que nous respectons les r\u00e8glementations pertinentes, les normes et les lois.<\/span><\/p>\n<p style=\"text-align: left;\"><strong>Pour notre organisation et tous nos points communs cela signifie:<\/strong><\/p>\n<p style=\"text-align: left;\"><span style=\"color: #ffffff;\">Les changements et les nouvelles exigences repr\u00e9sentent pour nous des chances et des d\u00e9fis pour r\u00e9agir rapidement et de fa\u00e7on flexible. C\u2019est pourquoi notre capacit\u00e9 d\u2019adaptation aux changements est une condition primordiale \u00e0 notre r\u00e9ussite. En cons\u00e9quence, nous rendons notre organisation en permanence plus rapide et plus \u00e9conomique afin de pouvoir r\u00e9pondre aux exigences croissantes de notre monde \u00e9conomique et de nos clients tout comme de leurs patients.<\/span><\/p>\n<p style=\"text-align: left;\"><strong>Pour nos collaborateurs cela signifie:<\/strong><\/p>\n<p style=\"text-align: left;\"><span style=\"color: #ffffff;\">Nous nous impliquons et nous d\u00e9veloppons le sens de la responsabilit\u00e9 dans toutes les t\u00e2ches que ce soit individuellement ou en groupe. Chacun r\u00e9pond \u00e0 ses engagements. Tout le monde s\u2019efforce d\u2019atteindre les objectifs de l\u2019entreprise et les valeurs pour lesquelles elle s\u2019engage. Pour cela nous obtenons de la s\u00e9curit\u00e9, des possibilit\u00e9s de d\u00e9veloppement personnel et certaines libert\u00e9s pour un \u00e9panouissement et des am\u00e9liorations professionnelles. En tirant profit et en \u00e9largissant nos connaissances communes, nous posons les fondations de nos r\u00e9ussites futures.<\/span><\/p>\n<p style=\"text-align: left;\"><strong>Pour nos rapports avec la soci\u00e9t\u00e9 cela signifie:<\/strong><\/p>\n<p style=\"text-align: left;\"><span style=\"color: #ffffff;\">Pour nous, cela fait partie de l\u2019\u00e9vidence que notre entreprise apporte une contribution sociale durable et \u00e9cologiquement positive \u00e0 notre soci\u00e9t\u00e9.<\/span><\/p>\n<p style=\"text-align: left;\"><span style=\"color: #ffffff;\">Notre rendement forme la base de nouveaux investissements novateurs et sert ainsi \u00e0 la p\u00e9rennisation des emplois dans le cadre de nos objectifs et des valeurs pour le b\u00e9n\u00e9fice de nos clients.<\/span><\/p>\n<p style=\"text-align: left;\"><em>La Direction et les soci\u00e9taires<\/em><\/p>\n","protected":false},"excerpt":{"rendered":"<p>Profil de la soci\u00e9t\u00e9 &#8211; D\u00e9claration du bredent group Le bredent group Nous, bredent group, sommes une entreprise familiale \u00e0 activit\u00e9s internationales. Nous d\u00e9veloppons de nombreux produits harmonis\u00e9s entre eux de fa\u00e7on optimale; nous offrons des syst\u00e8mes, c\u2019est le cas dans le domaine de la proth\u00e8se implantaire et des concepts th\u00e9rapeutiques \u201emade in Germany\u201c que [&hellip;]<\/p>\n","protected":false},"author":1,"featured_media":0,"parent":0,"menu_order":7,"comment_status":"closed","ping_status":"closed","template":"","meta":{"footnotes":""},"yoast_head":"<!-- This site is optimized with the Yoast SEO plugin v23.0 - https:\/\/yoast.com\/wordpress\/plugins\/seo\/ -->\n<title>Profil de la soci\u00e9t\u00e9 - visio.lign<\/title>\n<meta name=\"robots\" content=\"index, follow, max-snippet:-1, max-image-preview:large, max-video-preview:-1\" \/>\n<link rel=\"canonical\" href=\"https:\/\/www.visiolign.com\/fr\/profil-de-la-societe\/\" \/>\n<meta property=\"og:locale\" content=\"fr_FR\" \/>\n<meta property=\"og:type\" content=\"article\" \/>\n<meta property=\"og:title\" content=\"Profil de la soci\u00e9t\u00e9 - visio.lign\" \/>\n<meta property=\"og:description\" content=\"Profil de la soci\u00e9t\u00e9 &#8211; D\u00e9claration du bredent group Le bredent group Nous, bredent group, sommes une entreprise familiale \u00e0 activit\u00e9s internationales. Nous d\u00e9veloppons de nombreux produits harmonis\u00e9s entre eux de fa\u00e7on optimale; nous offrons des syst\u00e8mes, c\u2019est le cas dans le domaine de la proth\u00e8se implantaire et des concepts th\u00e9rapeutiques \u201emade in Germany\u201c que [&hellip;]\" \/>\n<meta property=\"og:url\" content=\"https:\/\/www.visiolign.com\/fr\/profil-de-la-societe\/\" \/>\n<meta property=\"og:site_name\" content=\"visio.lign\" \/>\n<meta property=\"article:publisher\" content=\"https:\/\/www.facebook.com\/bredent-group-Deutschland-1705651446400964\/\" \/>\n<meta name=\"twitter:card\" content=\"summary_large_image\" \/>\n<meta name=\"twitter:label1\" content=\"Dur\u00e9e de lecture estim\u00e9e\" \/>\n\t<meta name=\"twitter:data1\" content=\"3 minutes\" \/>\n<script type=\"application\/ld+json\" class=\"yoast-schema-graph\">{\"@context\":\"https:\/\/schema.org\",\"@graph\":[{\"@type\":\"WebPage\",\"@id\":\"https:\/\/www.visiolign.com\/fr\/profil-de-la-societe\/\",\"url\":\"https:\/\/www.visiolign.com\/fr\/profil-de-la-societe\/\",\"name\":\"Profil de la soci\u00e9t\u00e9 - visio.lign\",\"isPartOf\":{\"@id\":\"https:\/\/www.visiolign.com\/#website\"},\"datePublished\":\"2018-06-25T13:58:19+00:00\",\"dateModified\":\"2018-06-25T13:58:19+00:00\",\"breadcrumb\":{\"@id\":\"https:\/\/www.visiolign.com\/fr\/profil-de-la-societe\/#breadcrumb\"},\"inLanguage\":\"fr-FR\",\"potentialAction\":[{\"@type\":\"ReadAction\",\"target\":[\"https:\/\/www.visiolign.com\/fr\/profil-de-la-societe\/\"]}]},{\"@type\":\"BreadcrumbList\",\"@id\":\"https:\/\/www.visiolign.com\/fr\/profil-de-la-societe\/#breadcrumb\",\"itemListElement\":[{\"@type\":\"ListItem\",\"position\":1,\"name\":\"Home\",\"item\":\"https:\/\/www.visiolign.com\/\"},{\"@type\":\"ListItem\",\"position\":2,\"name\":\"Profil de la soci\u00e9t\u00e9\"}]},{\"@type\":\"WebSite\",\"@id\":\"https:\/\/www.visiolign.com\/#website\",\"url\":\"https:\/\/www.visiolign.com\/\",\"name\":\"visio.lign\",\"description\":\"L\u2018esth\u00e9tique et la m\u00e9thodologie\",\"publisher\":{\"@id\":\"https:\/\/www.visiolign.com\/#organization\"},\"potentialAction\":[{\"@type\":\"SearchAction\",\"target\":{\"@type\":\"EntryPoint\",\"urlTemplate\":\"https:\/\/www.visiolign.com\/?s={search_term_string}\"},\"query-input\":\"required name=search_term_string\"}],\"inLanguage\":\"fr-FR\"},{\"@type\":\"Organization\",\"@id\":\"https:\/\/www.visiolign.com\/#organization\",\"name\":\"bredent group\",\"url\":\"https:\/\/www.visiolign.com\/\",\"logo\":{\"@type\":\"ImageObject\",\"inLanguage\":\"fr-FR\",\"@id\":\"https:\/\/www.visiolign.com\/#\/schema\/logo\/image\/\",\"url\":\"https:\/\/www.visiolign.com\/wp-content\/uploads\/2019\/01\/bredent-group-Black-Logo-PNG-file.png\",\"contentUrl\":\"https:\/\/www.visiolign.com\/wp-content\/uploads\/2019\/01\/bredent-group-Black-Logo-PNG-file.png\",\"width\":1579,\"height\":330,\"caption\":\"bredent group\"},\"image\":{\"@id\":\"https:\/\/www.visiolign.com\/#\/schema\/logo\/image\/\"},\"sameAs\":[\"https:\/\/www.facebook.com\/bredent-group-Deutschland-1705651446400964\/\",\"https:\/\/www.youtube.com\/playlist?list=PLLTk1xXHVJE-wazMWJlA_JBho4BoUGHct\"]}]}<\/script>\n<!-- \/ Yoast SEO plugin. -->","yoast_head_json":{"title":"Profil de la soci\u00e9t\u00e9 - visio.lign","robots":{"index":"index","follow":"follow","max-snippet":"max-snippet:-1","max-image-preview":"max-image-preview:large","max-video-preview":"max-video-preview:-1"},"canonical":"https:\/\/www.visiolign.com\/fr\/profil-de-la-societe\/","og_locale":"fr_FR","og_type":"article","og_title":"Profil de la soci\u00e9t\u00e9 - visio.lign","og_description":"Profil de la soci\u00e9t\u00e9 &#8211; D\u00e9claration du bredent group Le bredent group Nous, bredent group, sommes une entreprise familiale \u00e0 activit\u00e9s internationales. Nous d\u00e9veloppons de nombreux produits harmonis\u00e9s entre eux de fa\u00e7on optimale; nous offrons des syst\u00e8mes, c\u2019est le cas dans le domaine de la proth\u00e8se implantaire et des concepts th\u00e9rapeutiques \u201emade in Germany\u201c que [&hellip;]","og_url":"https:\/\/www.visiolign.com\/fr\/profil-de-la-societe\/","og_site_name":"visio.lign","article_publisher":"https:\/\/www.facebook.com\/bredent-group-Deutschland-1705651446400964\/","twitter_card":"summary_large_image","twitter_misc":{"Dur\u00e9e de lecture estim\u00e9e":"3 minutes"},"schema":{"@context":"https:\/\/schema.org","@graph":[{"@type":"WebPage","@id":"https:\/\/www.visiolign.com\/fr\/profil-de-la-societe\/","url":"https:\/\/www.visiolign.com\/fr\/profil-de-la-societe\/","name":"Profil de la soci\u00e9t\u00e9 - visio.lign","isPartOf":{"@id":"https:\/\/www.visiolign.com\/#website"},"datePublished":"2018-06-25T13:58:19+00:00","dateModified":"2018-06-25T13:58:19+00:00","breadcrumb":{"@id":"https:\/\/www.visiolign.com\/fr\/profil-de-la-societe\/#breadcrumb"},"inLanguage":"fr-FR","potentialAction":[{"@type":"ReadAction","target":["https:\/\/www.visiolign.com\/fr\/profil-de-la-societe\/"]}]},{"@type":"BreadcrumbList","@id":"https:\/\/www.visiolign.com\/fr\/profil-de-la-societe\/#breadcrumb","itemListElement":[{"@type":"ListItem","position":1,"name":"Home","item":"https:\/\/www.visiolign.com\/"},{"@type":"ListItem","position":2,"name":"Profil de la soci\u00e9t\u00e9"}]},{"@type":"WebSite","@id":"https:\/\/www.visiolign.com\/#website","url":"https:\/\/www.visiolign.com\/","name":"visio.lign","description":"L\u2018esth\u00e9tique et la m\u00e9thodologie","publisher":{"@id":"https:\/\/www.visiolign.com\/#organization"},"potentialAction":[{"@type":"SearchAction","target":{"@type":"EntryPoint","urlTemplate":"https:\/\/www.visiolign.com\/?s={search_term_string}"},"query-input":"required name=search_term_string"}],"inLanguage":"fr-FR"},{"@type":"Organization","@id":"https:\/\/www.visiolign.com\/#organization","name":"bredent group","url":"https:\/\/www.visiolign.com\/","logo":{"@type":"ImageObject","inLanguage":"fr-FR","@id":"https:\/\/www.visiolign.com\/#\/schema\/logo\/image\/","url":"https:\/\/www.visiolign.com\/wp-content\/uploads\/2019\/01\/bredent-group-Black-Logo-PNG-file.png","contentUrl":"https:\/\/www.visiolign.com\/wp-content\/uploads\/2019\/01\/bredent-group-Black-Logo-PNG-file.png","width":1579,"height":330,"caption":"bredent group"},"image":{"@id":"https:\/\/www.visiolign.com\/#\/schema\/logo\/image\/"},"sameAs":["https:\/\/www.facebook.com\/bredent-group-Deutschland-1705651446400964\/","https:\/\/www.youtube.com\/playlist?list=PLLTk1xXHVJE-wazMWJlA_JBho4BoUGHct"]}]}},"_links":{"self":[{"href":"https:\/\/www.visiolign.com\/fr\/wp-json\/wp\/v2\/pages\/13700"}],"collection":[{"href":"https:\/\/www.visiolign.com\/fr\/wp-json\/wp\/v2\/pages"}],"about":[{"href":"https:\/\/www.visiolign.com\/fr\/wp-json\/wp\/v2\/types\/page"}],"author":[{"embeddable":true,"href":"https:\/\/www.visiolign.com\/fr\/wp-json\/wp\/v2\/users\/1"}],"replies":[{"embeddable":true,"href":"https:\/\/www.visiolign.com\/fr\/wp-json\/wp\/v2\/comments?post=13700"}],"version-history":[{"count":0,"href":"https:\/\/www.visiolign.com\/fr\/wp-json\/wp\/v2\/pages\/13700\/revisions"}],"wp:attachment":[{"href":"https:\/\/www.visiolign.com\/fr\/wp-json\/wp\/v2\/media?parent=13700"}],"curies":[{"name":"wp","href":"https:\/\/api.w.org\/{rel}","templated":true}]}}