{"id":13702,"date":"2018-06-25T14:04:41","date_gmt":"2018-06-25T14:04:41","guid":{"rendered":"http:\/\/relaunch.visio-lign.com\/perfil-de-la-empresa\/"},"modified":"2018-06-25T14:04:41","modified_gmt":"2018-06-25T14:04:41","slug":"perfil-de-la-empresa","status":"publish","type":"page","link":"https:\/\/www.visiolign.com\/es\/perfil-de-la-empresa\/","title":{"rendered":"Perfil de la empresa"},"content":{"rendered":"<h3 style=\"text-align: left;\">Perfil de la empresa &#8211; Declaraci\u00f3n de objetivos de bredent group<\/h3>\n<hr \/>\n<p style=\"text-align: left;\"><strong>bredent group<\/strong><\/p>\n<p style=\"text-align: left;\"><span style=\"color: #ffffff;\">Nosotros, bredent group, somos una empresa con direcci\u00f3n familiar que act\u00faa a nivel internacional.<\/span><\/p>\n<p style=\"text-align: left;\"><span style=\"color: #ffffff;\">Desarrollamos productos individuales \u00f3ptimamente armonizados, soluciones sist\u00e9micas -por ejemplo en el segmento de la prot\u00e9sica implantar- y conceptos terap\u00e9uticos \u201cmade in Germany\u201c, y los fabricamos nosotros mismos. Esto permite a odont\u00f3logos y t\u00e9cnicos dentales confeccionar y mantener sustitutos dentales est\u00e9ticos e higi\u00e9nicos desde el punto de vista periodontal de gran valor y con unos costes razonables.<\/span><\/p>\n<p style=\"text-align: left;\"><span style=\"color: #ffffff;\">Nuestro af\u00e1n es pertenecer a los mejores. Por ello nuestros empleados est\u00e1n dispuestos a prestar el mejor servicio a nuestros clientes y sus pacientes con la flexibilidad y el esp\u00edritu abierto necesarios.<\/span><\/p>\n<p style=\"text-align: left;\"><span style=\"color: #ffffff;\">Con nuestra competencia y fuerza innovadora somos un ejemplo para el mercado dental. Dise\u00f1amos nuestra cultura empresarial, la colaboraci\u00f3n con nuestros clientes y socios comerciales y las actividades de inter\u00e9s seg\u00fan los valores que definimos en 1995 como base para nuestros objetivos y relaciones a largo plazo.<\/span><\/p>\n<p style=\"text-align: left;\">\n<p style=\"text-align: left;\"><strong>eficiencia<\/strong><br \/>\n<span style=\"color: #ffffff;\">Estamos convencidos de la utilidad de nuestro trabajo y nos complace por ello esforzarnos en ser m\u00e1s eficientes.<\/span><\/p>\n<p style=\"text-align: left;\"><strong>colaboraci\u00f3n<\/strong><br \/>\n<span style=\"color: #ffffff;\">A la hora de colaborar somos francos y jugamos limpio. De ese modo creamos una relaci\u00f3n de confianza.<\/span><\/p>\n<p style=\"text-align: left;\"><strong>orientadores<\/strong><br \/>\n<span style=\"color: #ffffff;\">Nuestra competencia, flexibilidad y amplitud de miras nos permiten desarrollar temprano soluciones eficaces.<\/span><\/p>\n<p style=\"text-align: left;\">\n<p style=\"text-align: left;\"><strong>Para nuestros clientes esto significa que<\/strong><\/p>\n<p style=\"text-align: left;\"><span style=\"color: #ffffff;\">somos para ellos un socio comercial que aporta beneficios por medio de sus servicios y sus soluciones. Todas nuestras actividades muestran ese af\u00e1n. Nos ocupamos de nuestros clientes y de sus necesidades inform\u00e1ndonos constantemente sobre las mismas, as\u00ed como sobre los problemas y los deseos de los pacientes. Esta informaci\u00f3n constituye la base para el desarrollo de nuevas soluciones innovadoras y econ\u00f3micas. El beneficio para el cliente y el paciente es lo que determina nuestro trabajo. Siempre actuamos conforme a las disposiciones, normas y leyes aplicables.<\/span><\/p>\n<p style=\"text-align: left;\"><strong>Para nuestra organizaci\u00f3n y nuestra actividad com\u00fan esto significa que<\/strong><\/p>\n<p style=\"text-align: left;\"><span style=\"color: #ffffff;\">los cambios y las nuevas exigencias las entendemos como una oportunidad y un reto para actuar de forma r\u00e1pida y flexible. Por ello la capacidad de cambiar es una condici\u00f3n necesaria para nuestro \u00e9xito. Una de las consecuencias es que nuestra organizaci\u00f3n genera respuestas cada vez m\u00e1s r\u00e1pidas y eficaces para as\u00ed cumplir con las exigencias cada vez mayores tanto en el \u00e1mbito econ\u00f3mico como aquellas que nos transmiten nuestros clientes y sus pacientes.<\/span><\/p>\n<p style=\"text-align: left;\"><strong>Para nuestros empleados esto significa que<\/strong><\/p>\n<p style=\"text-align: left;\"><span style=\"color: #ffffff;\">mostramos nuestro compromiso y responsabilidad en cada tarea que acometemos, tanto cuando actuamos individualmente como cuando trabajamos en equipo. Cada uno cumple con sus obligaciones. Cada cual se preocupa de alcanzar los objetivos de la empresa y la materializaci\u00f3n de los valores de la misma. A cambio obtenemos seguridad, posibilidades de crecimiento personal y libertad para desarrollarnos y avanzar profesionalmente. Con la utilizaci\u00f3n y ampliaci\u00f3n del conocimiento compartido creamos la base para los \u00e9xitos venideros.<\/span><\/p>\n<p style=\"text-align: left;\"><strong>Para nuestra relaci\u00f3n con la sociedad esto significa que<\/strong><\/p>\n<p style=\"text-align: left;\"><span style=\"color: #ffffff;\">como empresa consideramos que es nuestra obligaci\u00f3n comprometernos con la sociedad de forma duradera tanto desde el punto de vista social como del medio ambiente.<\/span><\/p>\n<p style=\"text-align: left;\">\n<p style=\"text-align: left;\"><span style=\"color: #ffffff;\">Nuestros beneficios son la base para nuevas inversiones en proyectos innovadores y sirven por ello para garantizar los puestos de trabajo en consonancia con nuestros objetivos y nuestros valores en pro de nuestros clientes.<\/span><\/p>\n<p style=\"text-align: left;\"><em>La direcci\u00f3n y los socios de la empresa<\/em><\/p>\n","protected":false},"excerpt":{"rendered":"<p>Perfil de la empresa &#8211; Declaraci\u00f3n de objetivos de bredent group bredent group Nosotros, bredent group, somos una empresa con direcci\u00f3n familiar que act\u00faa a nivel internacional. Desarrollamos productos individuales \u00f3ptimamente armonizados, soluciones sist\u00e9micas -por ejemplo en el segmento de la prot\u00e9sica implantar- y conceptos terap\u00e9uticos \u201cmade in Germany\u201c, y los fabricamos nosotros mismos. Esto [&hellip;]<\/p>\n","protected":false},"author":1,"featured_media":0,"parent":0,"menu_order":7,"comment_status":"closed","ping_status":"closed","template":"","meta":{"footnotes":""},"yoast_head":"<!-- This site is optimized with the Yoast SEO plugin v23.0 - https:\/\/yoast.com\/wordpress\/plugins\/seo\/ -->\n<title>Perfil de la empresa - visio.lign<\/title>\n<meta name=\"robots\" content=\"index, follow, max-snippet:-1, max-image-preview:large, max-video-preview:-1\" \/>\n<link rel=\"canonical\" href=\"https:\/\/www.visiolign.com\/es\/perfil-de-la-empresa\/\" \/>\n<meta property=\"og:locale\" content=\"es_ES\" \/>\n<meta property=\"og:type\" content=\"article\" \/>\n<meta property=\"og:title\" content=\"Perfil de la empresa - visio.lign\" \/>\n<meta property=\"og:description\" content=\"Perfil de la empresa &#8211; Declaraci\u00f3n de objetivos de bredent group bredent group Nosotros, bredent group, somos una empresa con direcci\u00f3n familiar que act\u00faa a nivel internacional. Desarrollamos productos individuales \u00f3ptimamente armonizados, soluciones sist\u00e9micas -por ejemplo en el segmento de la prot\u00e9sica implantar- y conceptos terap\u00e9uticos \u201cmade in Germany\u201c, y los fabricamos nosotros mismos. Esto [&hellip;]\" \/>\n<meta property=\"og:url\" content=\"https:\/\/www.visiolign.com\/es\/perfil-de-la-empresa\/\" \/>\n<meta property=\"og:site_name\" content=\"visio.lign\" \/>\n<meta property=\"article:publisher\" content=\"https:\/\/www.facebook.com\/bredent-group-Deutschland-1705651446400964\/\" \/>\n<meta name=\"twitter:card\" content=\"summary_large_image\" \/>\n<meta name=\"twitter:label1\" content=\"Tiempo de lectura\" \/>\n\t<meta name=\"twitter:data1\" content=\"3 minutos\" \/>\n<script type=\"application\/ld+json\" class=\"yoast-schema-graph\">{\"@context\":\"https:\/\/schema.org\",\"@graph\":[{\"@type\":\"WebPage\",\"@id\":\"https:\/\/www.visiolign.com\/es\/perfil-de-la-empresa\/\",\"url\":\"https:\/\/www.visiolign.com\/es\/perfil-de-la-empresa\/\",\"name\":\"Perfil de la empresa - visio.lign\",\"isPartOf\":{\"@id\":\"https:\/\/www.visiolign.com\/#website\"},\"datePublished\":\"2018-06-25T14:04:41+00:00\",\"dateModified\":\"2018-06-25T14:04:41+00:00\",\"breadcrumb\":{\"@id\":\"https:\/\/www.visiolign.com\/es\/perfil-de-la-empresa\/#breadcrumb\"},\"inLanguage\":\"es\",\"potentialAction\":[{\"@type\":\"ReadAction\",\"target\":[\"https:\/\/www.visiolign.com\/es\/perfil-de-la-empresa\/\"]}]},{\"@type\":\"BreadcrumbList\",\"@id\":\"https:\/\/www.visiolign.com\/es\/perfil-de-la-empresa\/#breadcrumb\",\"itemListElement\":[{\"@type\":\"ListItem\",\"position\":1,\"name\":\"Home\",\"item\":\"https:\/\/www.visiolign.com\/\"},{\"@type\":\"ListItem\",\"position\":2,\"name\":\"Perfil de la empresa\"}]},{\"@type\":\"WebSite\",\"@id\":\"https:\/\/www.visiolign.com\/#website\",\"url\":\"https:\/\/www.visiolign.com\/\",\"name\":\"visio.lign\",\"description\":\"Sistema est\u00e9tico y funcional\",\"publisher\":{\"@id\":\"https:\/\/www.visiolign.com\/#organization\"},\"potentialAction\":[{\"@type\":\"SearchAction\",\"target\":{\"@type\":\"EntryPoint\",\"urlTemplate\":\"https:\/\/www.visiolign.com\/?s={search_term_string}\"},\"query-input\":\"required name=search_term_string\"}],\"inLanguage\":\"es\"},{\"@type\":\"Organization\",\"@id\":\"https:\/\/www.visiolign.com\/#organization\",\"name\":\"bredent group\",\"url\":\"https:\/\/www.visiolign.com\/\",\"logo\":{\"@type\":\"ImageObject\",\"inLanguage\":\"es\",\"@id\":\"https:\/\/www.visiolign.com\/#\/schema\/logo\/image\/\",\"url\":\"https:\/\/www.visiolign.com\/wp-content\/uploads\/2019\/01\/bredent-group-Black-Logo-PNG-file.png\",\"contentUrl\":\"https:\/\/www.visiolign.com\/wp-content\/uploads\/2019\/01\/bredent-group-Black-Logo-PNG-file.png\",\"width\":1579,\"height\":330,\"caption\":\"bredent group\"},\"image\":{\"@id\":\"https:\/\/www.visiolign.com\/#\/schema\/logo\/image\/\"},\"sameAs\":[\"https:\/\/www.facebook.com\/bredent-group-Deutschland-1705651446400964\/\",\"https:\/\/www.youtube.com\/playlist?list=PLLTk1xXHVJE-wazMWJlA_JBho4BoUGHct\"]}]}<\/script>\n<!-- \/ Yoast SEO plugin. -->","yoast_head_json":{"title":"Perfil de la empresa - visio.lign","robots":{"index":"index","follow":"follow","max-snippet":"max-snippet:-1","max-image-preview":"max-image-preview:large","max-video-preview":"max-video-preview:-1"},"canonical":"https:\/\/www.visiolign.com\/es\/perfil-de-la-empresa\/","og_locale":"es_ES","og_type":"article","og_title":"Perfil de la empresa - visio.lign","og_description":"Perfil de la empresa &#8211; Declaraci\u00f3n de objetivos de bredent group bredent group Nosotros, bredent group, somos una empresa con direcci\u00f3n familiar que act\u00faa a nivel internacional. Desarrollamos productos individuales \u00f3ptimamente armonizados, soluciones sist\u00e9micas -por ejemplo en el segmento de la prot\u00e9sica implantar- y conceptos terap\u00e9uticos \u201cmade in Germany\u201c, y los fabricamos nosotros mismos. Esto [&hellip;]","og_url":"https:\/\/www.visiolign.com\/es\/perfil-de-la-empresa\/","og_site_name":"visio.lign","article_publisher":"https:\/\/www.facebook.com\/bredent-group-Deutschland-1705651446400964\/","twitter_card":"summary_large_image","twitter_misc":{"Tiempo de lectura":"3 minutos"},"schema":{"@context":"https:\/\/schema.org","@graph":[{"@type":"WebPage","@id":"https:\/\/www.visiolign.com\/es\/perfil-de-la-empresa\/","url":"https:\/\/www.visiolign.com\/es\/perfil-de-la-empresa\/","name":"Perfil de la empresa - visio.lign","isPartOf":{"@id":"https:\/\/www.visiolign.com\/#website"},"datePublished":"2018-06-25T14:04:41+00:00","dateModified":"2018-06-25T14:04:41+00:00","breadcrumb":{"@id":"https:\/\/www.visiolign.com\/es\/perfil-de-la-empresa\/#breadcrumb"},"inLanguage":"es","potentialAction":[{"@type":"ReadAction","target":["https:\/\/www.visiolign.com\/es\/perfil-de-la-empresa\/"]}]},{"@type":"BreadcrumbList","@id":"https:\/\/www.visiolign.com\/es\/perfil-de-la-empresa\/#breadcrumb","itemListElement":[{"@type":"ListItem","position":1,"name":"Home","item":"https:\/\/www.visiolign.com\/"},{"@type":"ListItem","position":2,"name":"Perfil de la empresa"}]},{"@type":"WebSite","@id":"https:\/\/www.visiolign.com\/#website","url":"https:\/\/www.visiolign.com\/","name":"visio.lign","description":"Sistema est\u00e9tico y funcional","publisher":{"@id":"https:\/\/www.visiolign.com\/#organization"},"potentialAction":[{"@type":"SearchAction","target":{"@type":"EntryPoint","urlTemplate":"https:\/\/www.visiolign.com\/?s={search_term_string}"},"query-input":"required name=search_term_string"}],"inLanguage":"es"},{"@type":"Organization","@id":"https:\/\/www.visiolign.com\/#organization","name":"bredent group","url":"https:\/\/www.visiolign.com\/","logo":{"@type":"ImageObject","inLanguage":"es","@id":"https:\/\/www.visiolign.com\/#\/schema\/logo\/image\/","url":"https:\/\/www.visiolign.com\/wp-content\/uploads\/2019\/01\/bredent-group-Black-Logo-PNG-file.png","contentUrl":"https:\/\/www.visiolign.com\/wp-content\/uploads\/2019\/01\/bredent-group-Black-Logo-PNG-file.png","width":1579,"height":330,"caption":"bredent group"},"image":{"@id":"https:\/\/www.visiolign.com\/#\/schema\/logo\/image\/"},"sameAs":["https:\/\/www.facebook.com\/bredent-group-Deutschland-1705651446400964\/","https:\/\/www.youtube.com\/playlist?list=PLLTk1xXHVJE-wazMWJlA_JBho4BoUGHct"]}]}},"_links":{"self":[{"href":"https:\/\/www.visiolign.com\/es\/wp-json\/wp\/v2\/pages\/13702"}],"collection":[{"href":"https:\/\/www.visiolign.com\/es\/wp-json\/wp\/v2\/pages"}],"about":[{"href":"https:\/\/www.visiolign.com\/es\/wp-json\/wp\/v2\/types\/page"}],"author":[{"embeddable":true,"href":"https:\/\/www.visiolign.com\/es\/wp-json\/wp\/v2\/users\/1"}],"replies":[{"embeddable":true,"href":"https:\/\/www.visiolign.com\/es\/wp-json\/wp\/v2\/comments?post=13702"}],"version-history":[{"count":0,"href":"https:\/\/www.visiolign.com\/es\/wp-json\/wp\/v2\/pages\/13702\/revisions"}],"wp:attachment":[{"href":"https:\/\/www.visiolign.com\/es\/wp-json\/wp\/v2\/media?parent=13702"}],"curies":[{"name":"wp","href":"https:\/\/api.w.org\/{rel}","templated":true}]}}